{"id":1935,"date":"2023-04-25T13:47:04","date_gmt":"2023-04-25T11:47:04","guid":{"rendered":"https:\/?page_id=1935"},"modified":"2023-04-25T14:21:53","modified_gmt":"2023-04-25T12:21:53","slug":"reconocimientos-medicos-psicotecnico-en-san-sebastian-guipuzcoa","status":"publish","type":"page","link":"https:\/\/centromeditest.com\/eu\/reconocimientos-medicos-psicotecnico-en-san-sebastian-guipuzcoa\/","title":{"rendered":"Reconocimientos m\u00e9dicos psicot\u00e9cnico en San Sebasti\u00e1n Guip\u00fazcoa"},"content":{"rendered":"<p><strong>Meditest es un centro m\u00e9dico y psicot\u00e9cnico en Donostia, Gipuzkoa (San Sebasti\u00e1n)<\/strong> compuesto por un equipo multidisciplinar de oftalm\u00f3logo, psic\u00f3logos y m\u00e9dicos encargados de realizar los <strong>reconocimientos y certificados m\u00e9dicos para permisos de conducir, licencias de armas, seguridad, n\u00e1utica, operador de gr\u00faa<\/strong>, \u2026 etc.<\/p>\n<p>Nuestra prioridad eres t\u00fa . Te ofrecemos un servicio profesional de calidad que responda a tus necesidades de la forma m\u00e1s c\u00f3moda y r\u00e1pida posible.<\/p>\n<p>Si desea obtener m\u00e1s informaci\u00f3n sobre <strong>reconocimientos m\u00e9dicos psicot\u00e9cnico en San Sebasti\u00e1n Guip\u00fazcoa<\/strong>\u00a0p\u00f3ngase en contacto con nosotros, estaremos encantados de atenderle.<\/p>\n<div class=\"wpforms-container wpforms-container-full\" id=\"wpforms-1741\"><form id=\"wpforms-form-1741\" class=\"wpforms-validate wpforms-form wpforms-ajax-form\" data-formid=\"1741\" method=\"post\" enctype=\"multipart\/form-data\" action=\"\/eu\/wp-json\/wp\/v2\/pages\/1935\" data-token=\"801914f8918dff2a4f863ccabe860d9c\" data-token-time=\"1775391680\"><noscript class=\"wpforms-error-noscript\">Please enable JavaScript in your browser to complete this form.<\/noscript><div class=\"wpforms-field-container\"><div id=\"wpforms-1741-field_0-container\" class=\"wpforms-field wpforms-field-name\" data-field-id=\"0\"><label class=\"wpforms-field-label\" for=\"wpforms-1741-field_0\">Nombre y Apellido <span class=\"wpforms-required-label\">*<\/span><\/label><input type=\"text\" id=\"wpforms-1741-field_0\" class=\"wpforms-field-medium wpforms-field-required\" name=\"wpforms[fields][0]\" required><\/div><div id=\"wpforms-1741-field_4-container\" class=\"wpforms-field wpforms-field-text\" data-field-id=\"4\"><label class=\"wpforms-field-label\" for=\"wpforms-1741-field_4\">Tel\u00e9fono<\/label><input type=\"text\" id=\"wpforms-1741-field_4\" class=\"wpforms-field-small\" name=\"wpforms[fields][4]\" ><\/div><div id=\"wpforms-1741-field_1-container\" class=\"wpforms-field wpforms-field-email\" data-field-id=\"1\"><label class=\"wpforms-field-label\" for=\"wpforms-1741-field_1\">Email<\/label><input type=\"email\" id=\"wpforms-1741-field_1\" class=\"wpforms-field-small\" name=\"wpforms[fields][1]\" spellcheck=\"false\" ><\/div><div id=\"wpforms-1741-field_2-container\" class=\"wpforms-field wpforms-field-textarea\" data-field-id=\"2\"><label class=\"wpforms-field-label\" for=\"wpforms-1741-field_2\">Motivo Reconocimiento <span class=\"wpforms-required-label\">*<\/span><\/label><textarea id=\"wpforms-1741-field_2\" class=\"wpforms-field-medium wpforms-field-required\" name=\"wpforms[fields][2]\" required><\/textarea><\/div><div id=\"wpforms-1741-field_5-container\" class=\"wpforms-field wpforms-field-checkbox\" data-field-id=\"5\"><label class=\"wpforms-field-label\">Acuerdo RGPD <span class=\"wpforms-required-label\">*<\/span><\/label><ul id=\"wpforms-1741-field_5\" class=\"wpforms-field-required\"><li class=\"choice-1 depth-1\"><input type=\"checkbox\" id=\"wpforms-1741-field_5_1\" name=\"wpforms[fields][5][]\" value=\"He le\u00eddo y acepto la &lt;a target=&quot;blank&quot; href=&quot;\/politica-de-privacidad\/&quot;&gt;&lt;strong&gt;&lt;u&gt;Pol\u00edtica de privacidad&lt;\/u&gt;&lt;\/strong&gt;&lt;\/a&gt;\" required ><label class=\"wpforms-field-label-inline\" for=\"wpforms-1741-field_5_1\">He le\u00eddo y acepto la <a target=\"blank\" href=\"\/politica-de-privacidad\/\"><strong><u>Pol\u00edtica de privacidad<\/u><\/strong><\/a><\/label><\/li><\/ul><\/div><\/div><!-- .wpforms-field-container --><div class=\"wpforms-recaptcha-container wpforms-is-recaptcha wpforms-is-recaptcha-type-v3\" ><input type=\"hidden\" name=\"wpforms[recaptcha]\" value=\"\"><\/div><div class=\"wpforms-submit-container\" ><input type=\"hidden\" name=\"wpforms[id]\" value=\"1741\"><input type=\"hidden\" name=\"page_title\" value=\"\"><input type=\"hidden\" name=\"page_url\" value=\"https:\/\/centromeditest.com\/eu\/wp-json\/wp\/v2\/pages\/1935\"><input type=\"hidden\" name=\"url_referer\" value=\"\"><button type=\"submit\" name=\"wpforms[submit]\" id=\"wpforms-submit-1741\" class=\"wpforms-submit\" data-alt-text=\"Sending...\" data-submit-text=\"Enviar\" aria-live=\"assertive\" value=\"wpforms-submit\">Enviar<\/button><img decoding=\"async\" src=\"https:\/\/centromeditest.com\/wp-content\/plugins\/wpforms-lite\/assets\/images\/submit-spin.svg\" class=\"wpforms-submit-spinner\" style=\"display: none;\" width=\"26\" height=\"26\" alt=\"Loading\"><\/div><\/form><\/div>  <!-- .wpforms-container -->\n<ul>\n<li style=\"font-weight: 400;\" aria-level=\"1\"><a href=\"https:\/reconocimientos-medicos-psicotecnico-para-carnets-de-conducir-en-san-sebastian-guipuzcoa\/\"><span style=\"font-weight: 400;\">Reconocimientos m\u00e9dicos psicot\u00e9cnico para carnets de conducir en San Sebasti\u00e1n <\/span>Guip\u00fazcoa<\/a><\/li>\n<\/ul>\n<ul>\n<li style=\"font-weight: 400;\" aria-level=\"1\"><a href=\"https:\/reconocimientos-medicos-psicotecnico-para-licencia-de-armas-en-san-sebastian-guipuzcoa\/\"><span style=\"font-weight: 400;\">Reconocimientos m\u00e9dicos psicot\u00e9cnico para licencia de armas en San Sebasti\u00e1n <\/span>Guip\u00fazcoa<\/a><\/li>\n<\/ul>\n<ul>\n<li style=\"font-weight: 400;\" aria-level=\"1\"><a href=\"https:\/reconocimientos-medicos-psicotecnico-para-la-obtencion-de-titulos-nauticos-en-san-sebastian-guipuzcoa\/\"><span style=\"font-weight: 400;\">Reconocimientos m\u00e9dicos psicot\u00e9cnico para la obtenci\u00f3n de t\u00edtulos n\u00e1uticos en San <\/span>Sebasti\u00e1n Guip\u00fazcoa<\/a><\/li>\n<\/ul>\n<ul>\n<li style=\"font-weight: 400;\" aria-level=\"1\"><a href=\"https:\/reconocimientos-medicos-psicotecnico-para-carnets-de-conducir-en-san-sebastian-guipuzcoa\/\"><span style=\"font-weight: 400;\">Reconocimientos m\u00e9dicos psicot\u00e9cnico para carnets de conducir en San Sebasti\u00e1n <\/span>Guip\u00fazcoa<\/a><\/li>\n<\/ul>\n<ul>\n<li style=\"font-weight: 400;\" aria-level=\"1\"><a href=\"https:\/reconocimiento-medico-psicotecnico-para-animales-potencialmente-peligrosos-en-san-sebastian-guipuzcoa\/\"><span style=\"font-weight: 400;\">Reconocimiento m\u00e9dico psicot\u00e9cnico para animales potencialmente peligrosos en San <\/span>Sebasti\u00e1n Guip\u00fazcoa<\/a><\/li>\n<\/ul>\n<ul>\n<li style=\"font-weight: 400;\" aria-level=\"1\"><a href=\"https:\/reconocimiento-medico-psicotecnico-para-carnet-de-operador-de-grua-en-san-sebastian-guipuzcoa\/\"><span style=\"font-weight: 400;\">Reconocimiento m\u00e9dico psicot\u00e9cnico para carnet de operador de gr\u00faa en San <\/span>Sebasti\u00e1n Guip\u00fazcoa<\/a><\/li>\n<\/ul>\n<ul>\n<li style=\"font-weight: 400;\" aria-level=\"1\"><a href=\"https:\/reconocimiento-medico-psicotecnico-para-carnet-de-grua-torre-autopropulsada-en-san-sebastian-guipuzcoa\/\"><span style=\"font-weight: 400;\">Reconocimiento m\u00e9dico psicot\u00e9cnico para carnet de gr\u00faa torre autopropulsada en San <\/span>Sebasti\u00e1n Guip\u00fazcoa<\/a><\/li>\n<\/ul>\n<ul>\n<li style=\"font-weight: 400;\" aria-level=\"1\"><span style=\"font-weight: 400;\"><a href=\"https:\/renovar-carnet-de-conducir-en-donostia\/\">Renovar carnet de conducir en Donostia<\/a><br \/>\n<\/span>.<\/li>\n<li style=\"font-weight: 400;\" aria-level=\"1\"><span style=\"font-weight: 400;\"><a href=\"https:\/renovar-carnet-de-conducir-en-san-sebastian\/\">Renovar carnet de conducir en San Sebasti\u00e1n<\/a>\u00a0<\/span><\/li>\n<\/ul>\n","protected":false},"excerpt":{"rendered":"<p>Meditest es un centro m\u00e9dico y psicot\u00e9cnico en Donostia, Gipuzkoa (San Sebasti\u00e1n) compuesto por un equipo multidisciplinar de oftalm\u00f3logo, psic\u00f3logos y m\u00e9dicos encargados de realizar los reconocimientos y certificados m\u00e9dicos para permisos de conducir, licencias de armas, seguridad, n\u00e1utica, operador de gr\u00faa, \u2026 etc. Nuestra prioridad eres t\u00fa . Te ofrecemos un servicio profesional de [&hellip;]<\/p>\n","protected":false},"author":4,"featured_media":0,"parent":0,"menu_order":0,"comment_status":"closed","ping_status":"closed","template":"","meta":{"footnotes":""},"class_list":["post-1935","page","type-page","status-publish","hentry","entry"],"_links":{"self":[{"href":"https:\/\/centromeditest.com\/eu\/wp-json\/wp\/v2\/pages\/1935","targetHints":{"allow":["GET"]}}],"collection":[{"href":"https:\/\/centromeditest.com\/eu\/wp-json\/wp\/v2\/pages"}],"about":[{"href":"https:\/\/centromeditest.com\/eu\/wp-json\/wp\/v2\/types\/page"}],"author":[{"embeddable":true,"href":"https:\/\/centromeditest.com\/eu\/wp-json\/wp\/v2\/users\/4"}],"replies":[{"embeddable":true,"href":"https:\/\/centromeditest.com\/eu\/wp-json\/wp\/v2\/comments?post=1935"}],"version-history":[{"count":4,"href":"https:\/\/centromeditest.com\/eu\/wp-json\/wp\/v2\/pages\/1935\/revisions"}],"predecessor-version":[{"id":1965,"href":"https:\/\/centromeditest.com\/eu\/wp-json\/wp\/v2\/pages\/1935\/revisions\/1965"}],"wp:attachment":[{"href":"https:\/\/centromeditest.com\/eu\/wp-json\/wp\/v2\/media?parent=1935"}],"curies":[{"name":"wp","href":"https:\/\/api.w.org\/{rel}","templated":true}]}}