{"id":116,"date":"2016-02-15T07:51:22","date_gmt":"2016-02-15T07:51:22","guid":{"rendered":"http:\/\/lanzitek.com\/?page_id=116"},"modified":"2025-09-05T14:03:14","modified_gmt":"2025-09-05T12:03:14","slug":"seguridad-privada","status":"publish","type":"page","link":"https:\/\/centromeditest.com\/eu\/seguridad-privada\/","title":{"rendered":"Segurtasun pribatua"},"content":{"rendered":"\t\t<div data-elementor-type=\"wp-page\" data-elementor-id=\"116\" class=\"elementor elementor-116\">\n\t\t\t\t\t\t<section class=\"elementor-section elementor-top-section elementor-element elementor-element-2233eb5 elementor-section-full_width elementor-section-height-default elementor-section-height-default\" data-id=\"2233eb5\" data-element_type=\"section\" data-e-type=\"section\">\n\t\t\t\t\t\t<div class=\"elementor-container elementor-column-gap-default\">\n\t\t\t\t\t<div class=\"elementor-column elementor-col-33 elementor-top-column elementor-element elementor-element-0be7577\" data-id=\"0be7577\" data-element_type=\"column\" data-e-type=\"column\">\n\t\t\t<div class=\"elementor-widget-wrap elementor-element-populated\">\n\t\t\t\t\t\t<div class=\"elementor-element elementor-element-67fd989 elementor-widget__width-inherit elementor-invisible elementor-widget elementor-widget-image\" data-id=\"67fd989\" data-element_type=\"widget\" data-e-type=\"widget\" data-settings=\"{&quot;_animation&quot;:&quot;zoomIn&quot;}\" data-widget_type=\"image.default\">\n\t\t\t\t<div class=\"elementor-widget-container\">\n\t\t\t\t\t\t\t\t\t\t\t\t\t\t\t<img fetchpriority=\"high\" decoding=\"async\" width=\"415\" height=\"277\" src=\"https:\/\/centromeditest.com\/wp-content\/uploads\/foto-seguridad-1.jpg\" class=\"attachment-large size-large wp-image-1061\" alt=\"\" srcset=\"https:\/\/centromeditest.com\/wp-content\/uploads\/foto-seguridad-1.jpg 415w, https:\/\/centromeditest.com\/wp-content\/uploads\/foto-seguridad-1-300x200.jpg 300w\" sizes=\"(max-width: 415px) 100vw, 415px\" \/>\t\t\t\t\t\t\t\t\t\t\t\t\t\t\t<\/div>\n\t\t\t\t<\/div>\n\t\t\t\t\t<\/div>\n\t\t<\/div>\n\t\t\t\t<div class=\"elementor-column elementor-col-66 elementor-top-column elementor-element elementor-element-59002e6\" data-id=\"59002e6\" data-element_type=\"column\" data-e-type=\"column\">\n\t\t\t<div class=\"elementor-widget-wrap elementor-element-populated\">\n\t\t\t\t\t\t<div class=\"elementor-element elementor-element-2e46ec2 elementor-widget elementor-widget-text-editor\" data-id=\"2e46ec2\" data-element_type=\"widget\" data-e-type=\"widget\" data-widget_type=\"text-editor.default\">\n\t\t\t\t<div class=\"elementor-widget-container\">\n\t\t\t\t\t\t\t\t\t<p><\/p><h2>Te hacemos el reconocimiento m\u00e9dico-psicot\u00e9cnico, la fotograf\u00eda y la tramitaci\u00f3n al momento, sin necesidad de pasar por Tr\u00e1fico.<\/h2><p>Por favor, solic\u00edtanos cita previa en el 943 31 61 20 o en meditest@centromeditest.com<\/p><h2>\u00a0<\/h2><p><\/p>\t\t\t\t\t\t\t\t<\/div>\n\t\t\t\t<\/div>\n\t\t\t\t\t<\/div>\n\t\t<\/div>\n\t\t\t\t\t<\/div>\n\t\t<\/section>\n\t\t\t\t<section class=\"elementor-section elementor-top-section elementor-element elementor-element-65aa98f elementor-section-boxed elementor-section-height-default elementor-section-height-default\" data-id=\"65aa98f\" data-element_type=\"section\" data-e-type=\"section\">\n\t\t\t\t\t\t<div class=\"elementor-container elementor-column-gap-default\">\n\t\t\t\t\t<div class=\"elementor-column elementor-col-100 elementor-top-column elementor-element elementor-element-07f6fcb\" data-id=\"07f6fcb\" data-element_type=\"column\" data-e-type=\"column\">\n\t\t\t<div class=\"elementor-widget-wrap elementor-element-populated\">\n\t\t\t\t\t\t<div class=\"elementor-element elementor-element-72fa022 elementor-widget elementor-widget-text-editor\" data-id=\"72fa022\" data-element_type=\"widget\" data-e-type=\"widget\" data-widget_type=\"text-editor.default\">\n\t\t\t\t<div class=\"elementor-widget-container\">\n\t\t\t\t\t\t\t\t\t<p><\/p><div class=\"azul\" style=\"background: #eee; border: 1px solid #ccc; padding: 5px 10px;\"><span style=\"font-size: 24px;\"><strong style=\"font-size: 16px;\">DOCUMENTACI\u00d3N NECESARIA\u00a0<\/strong><\/span><span style=\"font-family: Raleway, Raleway; font-size: 16px; font-style: normal; font-variant-ligatures: normal; font-variant-caps: normal; font-weight: 600;\">para\u00a0 TIP. y armas tipo C<\/span><\/div><p><\/p>\t\t\t\t\t\t\t\t<\/div>\n\t\t\t\t<\/div>\n\t\t\t\t\t<\/div>\n\t\t<\/div>\n\t\t\t\t\t<\/div>\n\t\t<\/section>\n\t\t\t\t<section class=\"elementor-section elementor-top-section elementor-element elementor-element-41b1d2e7 elementor-section-boxed elementor-section-height-default elementor-section-height-default\" data-id=\"41b1d2e7\" data-element_type=\"section\" data-e-type=\"section\">\n\t\t\t\t\t\t<div class=\"elementor-container elementor-column-gap-default\">\n\t\t\t\t\t<div class=\"elementor-column elementor-col-100 elementor-top-column elementor-element elementor-element-ef843ed\" data-id=\"ef843ed\" data-element_type=\"column\" data-e-type=\"column\">\n\t\t\t<div class=\"elementor-widget-wrap elementor-element-populated\">\n\t\t\t\t\t\t<div class=\"elementor-element elementor-element-f044bcc elementor-widget elementor-widget-text-editor\" data-id=\"f044bcc\" data-element_type=\"widget\" data-e-type=\"widget\" data-widget_type=\"text-editor.default\">\n\t\t\t\t<div class=\"elementor-widget-container\">\n\t\t\t\t\t\t\t\t\t<p><\/p><p style=\"padding-left: 40px;\"><span style=\"color: #0099cc;\">\u25ba<\/span>D.N.I o N.I.E<\/p><p style=\"padding-left: 40px;\"><span style=\"color: #0099cc;\">\u25ba<\/span>1 fotograf\u00eda<\/p><p>Si lo que necesitas es el <strong>cetificado m\u00e9dico oficial<\/strong> para presentarte a las <strong>pruebas<\/strong> <strong>f\u00edsicas de acceso<\/strong>, s\u00f3lo debes traernos tu DNI o NIE. Nosotros tenemos los impresos oficiales.<\/p><h4><b>M\u00e1s informaci\u00f3n<\/b><\/h4><p style=\"padding-left: 40px;\"><a class=\"link-externo\" href=\"https:\/\/sede.policia.gob.es\/portalCiudadano\/_es\/tramites_seguridadprivada.php\" target=\"_blank\" rel=\"noopener noreferrer\">Seguridad Privada y Polic\u00eda Nacional<\/a><\/p><p style=\"padding-left: 40px;\"><br \/><a class=\"link-externo\" href=\"https:\/\/www.guardiacivil.es\/es\/servicios\/seguridadprivada\/armasseguprivada\/licenciaarmasc.html\" target=\"_blank\" rel=\"noopener noreferrer\">Arma tipo C y G<\/a><\/p><p>Para renovar o sacar por primera vez tu habilitaci\u00f3n para ejercer los servicios de seguridad privada, tarjeta de identidad profesional (TIP) o tu licencia de armas de seguridad, tipo C, ponte en contacto con nosotros.<br \/><\/p><p style=\"padding-left: 40px;\"><\/p><h4 style=\"text-align: center;\"><b>Nos encontrar\u00e1s en<\/b>:<\/h4><p style=\"text-align: center;\">Manuel Lekuona kalea, 11 Bajo<\/p><p style=\"text-align: center;\">20018-DONOSTIA, Gipuzkoa<\/p><p style=\"text-align: center;\"><i class=\"fas fa-phone\"> <\/i>+(34) 943316120<\/p><p style=\"text-align: center;\"><i class=\"far fa-envelope\"><\/i> meditest@centromeditest.com<\/p><h2 style=\"font-variant-ligatures: normal; font-variant-caps: normal; font-family: Raleway, Raleway; font-style: normal;\"><\/h2>\t\t\t\t\t\t\t\t<\/div>\n\t\t\t\t<\/div>\n\t\t\t\t\t<\/div>\n\t\t<\/div>\n\t\t\t\t<div class=\"elementor-column elementor-col-33 elementor-top-column elementor-element elementor-element-d82f05c\" data-id=\"d82f05c\" data-element_type=\"column\" data-e-type=\"column\">\n\t\t\t<div class=\"elementor-widget-wrap\">\n\t\t\t\t\t\t\t<\/div>\n\t\t<\/div>\n\t\t\t\t\t<\/div>\n\t\t<\/section>\n\t\t<div class=\"elementor-element elementor-element-b09befa e-grid e-con-boxed e-con e-parent\" data-id=\"b09befa\" data-element_type=\"container\" data-e-type=\"container\">\n\t\t\t\t\t<div class=\"e-con-inner\">\n\t\t\t\t<div class=\"elementor-element elementor-element-9e32393 elementor-widget elementor-widget-html\" data-id=\"9e32393\" data-element_type=\"widget\" data-e-type=\"widget\" data-widget_type=\"html.default\">\n\t\t\t\t<div class=\"elementor-widget-container\">\n\t\t\t\t\t<p style=\"text-align: center;\">\n    <!-- Bot\u00f3n \"Reservar online\" -->\n    <button class=\"custom-booking-button\" onclick=\"window.location.href='\/Reserva'\">\n        <!-- SVG Calendar Icon -->\n        <svg class=\"w-8 h-8 mr-2\" fill=\"currentColor\" viewBox=\"0 0 24 24\" xmlns=\"http:\/\/www.w3.org\/2000\/svg\">\n            <rect x=\"3\" y=\"5\" width=\"18\" height=\"16\" rx=\"2\" ry=\"2\" stroke=\"currentColor\" stroke-width=\"2\" fill=\"none\"\/>\n            <path d=\"M7 2v3M17 2v3M3 9h18\"\/>\n            <circle cx=\"8\" cy=\"14\" r=\"1.5\"\/>\n            <circle cx=\"12\" cy=\"14\" r=\"1.5\"\/>\n            <circle cx=\"16\" cy=\"14\" r=\"1.5\"\/>\n            <circle cx=\"8\" cy=\"18\" r=\"1.5\"\/>\n            <circle cx=\"12\" cy=\"18\" r=\"1.5\"\/>\n            <circle cx=\"16\" cy=\"18\" r=\"1.5\"\/>\n        <\/svg>\n        Reservar online\n    <\/button>\n    \t\t\t\t<\/div>\n\t\t\t\t<\/div>\n\t\t\t\t<div class=\"elementor-element elementor-element-3670f43 elementor-widget elementor-widget-html\" data-id=\"3670f43\" data-element_type=\"widget\" data-e-type=\"widget\" data-widget_type=\"html.default\">\n\t\t\t\t<div class=\"elementor-widget-container\">\n\t\t\t\t\t<!-- Nuevo bot\u00f3n \"Pedir cita\" -->\n    <button class=\"custom-booking-button\" onclick=\"window.location.href='\/contacto'\">\n        <!-- SVG Calendar Icon (igual que el anterior) -->\n        <svg class=\"w-8 h-8 mr-2\" fill=\"currentColor\" viewBox=\"0 0 24 24\" xmlns=\"http:\/\/www.w3.org\/2000\/svg\">\n            <rect x=\"3\" y=\"5\" width=\"18\" height=\"16\" rx=\"2\" ry=\"2\" stroke=\"currentColor\" stroke-width=\"2\" fill=\"none\"\/>\n            <path d=\"M7 2v3M17 2v3M3 9h18\"\/>\n            <circle cx=\"8\" cy=\"14\" r=\"1.5\"\/>\n            <circle cx=\"12\" cy=\"14\" r=\"1.5\"\/>\n            <circle cx=\"16\" cy=\"14\" r=\"1.5\"\/>\n            <circle cx=\"8\" cy=\"18\" r=\"1.5\"\/>\n            <circle cx=\"12\" cy=\"18\" r=\"1.5\"\/>\n            <circle cx=\"16\" cy=\"18\" r=\"1.5\"\/>\n        <\/svg>\n        Pedir cita\n    <\/button>\n<\/p>\t\t\t\t<\/div>\n\t\t\t\t<\/div>\n\t\t\t\t\t<\/div>\n\t\t\t\t<\/div>\n\t\t\t\t<\/div>\n\t\t","protected":false},"excerpt":{"rendered":"<p>Errekonozimendu mediko-psikoteknikoa, argazkia eta tramitazioa momentuan egiten dugu. GIDABAIMENA EPEZ KANPO BALDIN BADUZ, gogoan izan ezingo duzula gidatu. Etor zaitez ahalik eta azkarren MEDITEST-era eta berehalakoan arduratuko gara.&gt; Mesedez, aurretiko hitzordua eskatzeko deitu 943316120 edo meditest@centromeditest.com helbidera idatzi BEHARREZKO DOKUMENTAZIOA TIP eta\u00a0C motako ARMEN LIZENTZIARENTAT \u25baN.A.N. edo N.I.E \u25baArgazki bat Froga fisikoetara aurkezteko ziurtagiri mediku [&hellip;]<\/p>\n","protected":false},"author":3,"featured_media":0,"parent":0,"menu_order":0,"comment_status":"closed","ping_status":"closed","template":"","meta":{"footnotes":""},"class_list":["post-116","page","type-page","status-publish","hentry","entry"],"_links":{"self":[{"href":"https:\/\/centromeditest.com\/eu\/wp-json\/wp\/v2\/pages\/116","targetHints":{"allow":["GET"]}}],"collection":[{"href":"https:\/\/centromeditest.com\/eu\/wp-json\/wp\/v2\/pages"}],"about":[{"href":"https:\/\/centromeditest.com\/eu\/wp-json\/wp\/v2\/types\/page"}],"author":[{"embeddable":true,"href":"https:\/\/centromeditest.com\/eu\/wp-json\/wp\/v2\/users\/3"}],"replies":[{"embeddable":true,"href":"https:\/\/centromeditest.com\/eu\/wp-json\/wp\/v2\/comments?post=116"}],"version-history":[{"count":138,"href":"https:\/\/centromeditest.com\/eu\/wp-json\/wp\/v2\/pages\/116\/revisions"}],"predecessor-version":[{"id":2580,"href":"https:\/\/centromeditest.com\/eu\/wp-json\/wp\/v2\/pages\/116\/revisions\/2580"}],"wp:attachment":[{"href":"https:\/\/centromeditest.com\/eu\/wp-json\/wp\/v2\/media?parent=116"}],"curies":[{"name":"wp","href":"https:\/\/api.w.org\/{rel}","templated":true}]}}