{"id":8,"date":"2013-11-08T17:56:18","date_gmt":"2013-11-08T17:56:18","guid":{"rendered":"http:\/\/lanzitek.com\/?page_id=8"},"modified":"2021-03-20T20:47:35","modified_gmt":"2021-03-20T19:47:35","slug":"preguntas-frecuentes","status":"publish","type":"page","link":"https:\/\/centromeditest.com\/es\/preguntas-frecuentes\/","title":{"rendered":"Preguntas frecuentes"},"content":{"rendered":"\t\t<div data-elementor-type=\"wp-page\" data-elementor-id=\"8\" class=\"elementor elementor-8\">\n\t\t\t\t\t\t<section class=\"elementor-section elementor-top-section elementor-element elementor-element-f296be7 elementor-section-boxed elementor-section-height-default elementor-section-height-default\" data-id=\"f296be7\" data-element_type=\"section\">\n\t\t\t\t\t\t<div class=\"elementor-container elementor-column-gap-default\">\n\t\t\t\t\t<div class=\"elementor-column elementor-col-100 elementor-top-column elementor-element elementor-element-2a0d8a68\" data-id=\"2a0d8a68\" data-element_type=\"column\">\n\t\t\t<div class=\"elementor-widget-wrap elementor-element-populated\">\n\t\t\t\t\t\t<div class=\"elementor-element elementor-element-275f69ea elementor-widget elementor-widget-text-editor\" data-id=\"275f69ea\" data-element_type=\"widget\" data-widget_type=\"text-editor.default\">\n\t\t\t\t<div class=\"elementor-widget-container\">\n\t\t\t\t\t\t\t\t\t<p><\/p><div class=\"rt-container\"><div class=\"rt-grid-9 paginas\"><dl class=\"preguntas\"><dt>\u00bfCu\u00e1ndo puedo renovar mi permiso de conducir?<\/dt><dd>Se puede renovar hasta 3 meses antes y le respetar\u00e1n la fecha de caducidad.<\/dd><dt>\u00bfEs necesario pedir cita previa?<\/dt><dd><p>Si.\u00a0 Puedes hacerlo por tel\u00e9fono (943 316120) o email meditestentromeditest.com.<\/p><p>El p\u00e1rrafo siguiente lo puedes eliminar:<\/p><p>Si no hay modificaciones en el nombre, apellidos o DNI \u00bftengo que ir a Tr\u00e1fico?<\/p><p>No, nosotros nos encargamos de hacerte la tramitaci\u00f3n sin coste adicional y te entregamos al momento la autorizaci\u00f3n provisional que te permite conducir hasta recibir el permiso renovado en su domicilio.<\/p><\/dd><dt>\u00bfQu\u00e9 documentaci\u00f3n tengo que presentar?<\/dt><dd>Para la renovaci\u00f3n del permiso de conducir, el DNI y el carnet de conducir. Para el resto de los reconocimientos el DNI o tarjeta de residencia.<\/dd><dt>\u00bfTengo que llevar fotos para renovar mi Carnet de Conducir?<\/dt><dd>No, te haremos nosotros las fotograf\u00edas sin coste adicional.<\/dd><dt>Si he cambiado de domicilio \u00bftengo que llevar certificado de empadronamiento?<\/dt><dd>No es necesario. Nosotros lo modificamos directamente sin certificado de empadronamiento.<\/dd><dt>Si me caduca el carnet y he modificado los apellidos, el nombre o mi n\u00famero de DNI \u00bfqu\u00e9 debo hacer?<\/dt><dd>En esos casos tr\u00e1enos tambi\u00e9n la fotocopia de tu DNI y solicitaremos el cambio desde Centro Meditest.<\/dd><dt>Si no hay modificaciones en el nombre, apellidos o DNI \u00bftengo que ir a Tr\u00e1fico?<\/dt><dd>No, nosotros nos encargamos de hacerte la tramitaci\u00f3n sin coste adicional y te entregamos al momento la autorizaci\u00f3n provisional que te permite conducir hasta recibir el permiso renovado en su domicilio.<\/dd><dt>\u00bfPuedo conducir en el extranjero con la autorizaci\u00f3n provisional?<\/dt><dd>La autorizaci\u00f3n provisional s\u00f3lo es v\u00e1lida para conducir por el territorio nacional, no en el extranjero. Si tu permiso de conducir ya ha caducado y a\u00fan no te ha llegado el nuevo, para conducir por el extranjero, tendr\u00e1s que solicitar en Tr\u00e1fico el permiso internacional de conducci\u00f3n.<\/dd><dt>\u00bfCu\u00e1ndo recibir\u00e9 el permiso nuevo?<\/dt><dd>Aproximadamente en 1 mes. La autorizaci\u00f3n que te damos sirve para 3 meses.<\/dd><dt>\u00bfPuedo conducir con el carnet caducado?<\/dt><dd>No, puedes ser sancionado. Acude cuanto antes a renovarlo y te entregaremos al momento la autorizaci\u00f3n con la que ya puedes conducir.<\/dd><dt>He perdido o me han robado el permiso de conducir \u00bfqu\u00e9 debo hacer?<\/dt><dd>Si no te caduca en los pr\u00f3ximos 3 meses, debes solicitar un duplicado en Tr\u00e1fico presentando el DNI, pasaporte o la denuncia. Si te caduca en los pr\u00f3ximos 3 meses pasa directamente por Centro Meditest y haremos la renovaci\u00f3n.<\/dd><dt>Si he sacado el permiso de coche y ahora me examino de moto \u00bftengo que hacer el reconocimiento otra vez?<\/dt><dd>La validez del certificado m\u00e9dico es de 3 meses, si est\u00e1s dentro de este plazo, te har\u00edamos un duplicado sin coste adicional.<\/dd><dt>Si al hacerme el reconocimiento m\u00e9dico oculto datos sobre enfermedades que padezco o de los tratamientos que sigo \u00bfpodr\u00eda tener alg\u00fan problema?<\/dt><dd>El ocultar datos sobre tu historial cl\u00ednico, podr\u00eda ser causa de que, en caso de accidente, tu compa\u00f1\u00eda de seguros no se haga cargo. Adem\u00e1s con la actual normativa de Tr\u00e1fico podr\u00edas ser sancionado y obligado a realizar nuevamente el reconocimiento m\u00e9dico.<\/dd><\/dl><\/div><div class=\"rt-grid-3\"><p>\u00bfTienes que renovar su carnet de conducir? \u00bfTu licencia de armas? \u00bfTu licencia de seguridad privada? Si necesitas realizarte un reconocimiento m\u00e9dico o psicot\u00e9cnico ponte en contacto con nosotros.<\/p><p><span style=\"font-size: 20px;\"><\/span><\/p><\/div><\/div>\t\t\t\t\t\t\t\t<\/div>\n\t\t\t\t<\/div>\n\t\t\t\t\t<\/div>\n\t\t<\/div>\n\t\t\t\t\t<\/div>\n\t\t<\/section>\n\t\t\t\t<section class=\"elementor-section elementor-top-section elementor-element elementor-element-03d6610 elementor-section-boxed elementor-section-height-default elementor-section-height-default\" data-id=\"03d6610\" data-element_type=\"section\">\n\t\t\t\t\t\t<div class=\"elementor-container elementor-column-gap-default\">\n\t\t\t\t\t<div class=\"elementor-column elementor-col-33 elementor-top-column elementor-element elementor-element-f86f863\" data-id=\"f86f863\" data-element_type=\"column\">\n\t\t\t<div class=\"elementor-widget-wrap elementor-element-populated\">\n\t\t\t\t\t\t\t<\/div>\n\t\t<\/div>\n\t\t\t\t<div class=\"elementor-column elementor-col-33 elementor-top-column elementor-element elementor-element-a105041\" data-id=\"a105041\" data-element_type=\"column\">\n\t\t\t<div class=\"elementor-widget-wrap elementor-element-populated\">\n\t\t\t\t\t\t<div class=\"elementor-element elementor-element-e5f4602 elementor-widget elementor-widget-text-editor\" data-id=\"e5f4602\" data-element_type=\"widget\" data-widget_type=\"text-editor.default\">\n\t\t\t\t<div class=\"elementor-widget-container\">\n\t\t\t\t\t\t\t\t\t\n<h4 style=\"text-align: center;\"><b>Nos encontrar\u00e1s en<\/b>:<\/h4>\n<p style=\"text-align: center;\">Manuel Lekuona kalea, 11 Behea<\/p>\n<p style=\"text-align: center;\">20018-DONOSTIA, Gipuzkoa<\/p>\n<p style=\"text-align: center;\"><i class=\"fas fa-phone\"> <\/i>+(34) 943316120<\/p>\n<p style=\"text-align: center;\"><i class=\"far fa-envelope\"><\/i> meditest@<\/p>\n<p style=\"text-align: center;\"><a class=\"boton-verde\" href=\"\/cita-reconocimiento-medico\/\">Pedir cita \u00f3 m\u00e1s informaci\u00f3n<\/a><\/p>\n\t\t\t\t\t\t\t\t<\/div>\n\t\t\t\t<\/div>\n\t\t\t\t\t<\/div>\n\t\t<\/div>\n\t\t\t\t<div class=\"elementor-column elementor-col-33 elementor-top-column elementor-element elementor-element-6cdade5\" data-id=\"6cdade5\" data-element_type=\"column\">\n\t\t\t<div class=\"elementor-widget-wrap\">\n\t\t\t\t\t\t\t<\/div>\n\t\t<\/div>\n\t\t\t\t\t<\/div>\n\t\t<\/section>\n\t\t\t\t<\/div>\n\t\t","protected":false},"excerpt":{"rendered":"<p>\u00bfCu\u00e1ndo puedo renovar mi permiso de conducir? Se puede renovar hasta 3 meses antes y le respetar\u00e1n la fecha de caducidad. \u00bfEs necesario pedir cita previa? Si.\u00a0 Puedes hacerlo por tel\u00e9fono (943 316120) o email meditestentromeditest.com. El p\u00e1rrafo siguiente lo puedes eliminar: Si no hay modificaciones en el nombre, apellidos o DNI \u00bftengo que ir [&hellip;]<\/p>\n","protected":false},"author":3,"featured_media":0,"parent":0,"menu_order":0,"comment_status":"closed","ping_status":"closed","template":"elementor_header_footer","meta":{"footnotes":""},"class_list":["post-8","page","type-page","status-publish","hentry","entry"],"_links":{"self":[{"href":"https:\/\/centromeditest.com\/es\/wp-json\/wp\/v2\/pages\/8","targetHints":{"allow":["GET"]}}],"collection":[{"href":"https:\/\/centromeditest.com\/es\/wp-json\/wp\/v2\/pages"}],"about":[{"href":"https:\/\/centromeditest.com\/es\/wp-json\/wp\/v2\/types\/page"}],"author":[{"embeddable":true,"href":"https:\/\/centromeditest.com\/es\/wp-json\/wp\/v2\/users\/3"}],"replies":[{"embeddable":true,"href":"https:\/\/centromeditest.com\/es\/wp-json\/wp\/v2\/comments?post=8"}],"version-history":[{"count":26,"href":"https:\/\/centromeditest.com\/es\/wp-json\/wp\/v2\/pages\/8\/revisions"}],"predecessor-version":[{"id":1719,"href":"https:\/\/centromeditest.com\/es\/wp-json\/wp\/v2\/pages\/8\/revisions\/1719"}],"wp:attachment":[{"href":"https:\/\/centromeditest.com\/es\/wp-json\/wp\/v2\/media?parent=8"}],"curies":[{"name":"wp","href":"https:\/\/api.w.org\/{rel}","templated":true}]}}