{"id":35,"date":"2013-11-11T11:03:41","date_gmt":"2013-11-11T11:03:41","guid":{"rendered":"http:\/\/lanzitek.com\/?page_id=35"},"modified":"2019-05-29T17:15:40","modified_gmt":"2019-05-29T16:15:40","slug":"politica-de-privacidad","status":"publish","type":"page","link":"https:\/\/centromeditest.com\/es\/politica-de-privacidad\/","title":{"rendered":"Pol\u00edtica de privacidad"},"content":{"rendered":"<p>Todos los datos proporcionados por la parte interesada ser\u00e1n utilizados \u00fanica y exclusivamente para los prop\u00f3sitos contemplados en los procedimientos y acciones en cuesti\u00f3n.<\/p>\n<p>Bajo ninguna circunstancia podr\u00e1n los citados datos ser procesados o cedidos a terceros sin contar con el acuerdo expreso de la persona en cuesti\u00f3n, con la excepci\u00f3n de los casos contemplados en los art\u00edculos 6.2 and 11.2 de la Ley Org\u00e1nica 15\/1999 de protecci\u00f3n de datos personales de 13 de diciembre (B.O.E. N\u00ba 298, de 14 de diciembre de 1999).<\/p>\n<p>Los datos personales facilitados a trav\u00e9s de este sitio Web,ser\u00e1n recogidos en ficheros titularidad de la empresa <em>MEDITEST, S.L<\/em> con la finalidad de gestionar, administrar y prestarle los servicios o facilitarle los contenidos que nos solicite, entre otros, avisarle cuando su licencia vaya a caducar. Los datos obligatorios de cada formulario, ser\u00e1n identificados como tales, provocando la falta de suministro de dicha informaci\u00f3n o el suministro de datos incorrectos, que <em>MEDITEST, S.L<\/em>. no pueda prestarle los servicios o contenidos que solicite.<\/p>\n<p>El usuario consiente el tratamiento de sus datos con las finalidades descritas. As\u00ed mismo le informamos de que podr\u00e1 ejercer sus derechos de acceso, rectificaci\u00f3n, cancelaci\u00f3n y oposici\u00f3n, identific\u00e1ndose como usuario del sitio Web y concretando su solicitud mediante correo ordinario dirigido a <em>MEDITEST, S.L, con domicilio social en Manuel Lekuona 11 Bajo,20018 de Donostia (Gipuzkoa<\/em>), as\u00ed como mediante los formularios establecidos al efecto en la direcci\u00f3n anteriormente indicada.<\/p>","protected":false},"excerpt":{"rendered":"<p>Todos los datos proporcionados por la parte interesada ser\u00e1n utilizados \u00fanica y exclusivamente para los prop\u00f3sitos contemplados en los procedimientos y acciones en cuesti\u00f3n. Bajo ninguna circunstancia podr\u00e1n los citados datos ser procesados o cedidos a terceros sin contar con el acuerdo expreso de la persona en cuesti\u00f3n, con la excepci\u00f3n de los casos contemplados [&hellip;]<\/p>\n","protected":false},"author":3,"featured_media":0,"parent":0,"menu_order":0,"comment_status":"open","ping_status":"open","template":"Page-fullwidth.php","meta":{"footnotes":""},"class_list":["post-35","page","type-page","status-publish","hentry","entry"],"_links":{"self":[{"href":"https:\/\/centromeditest.com\/es\/wp-json\/wp\/v2\/pages\/35","targetHints":{"allow":["GET"]}}],"collection":[{"href":"https:\/\/centromeditest.com\/es\/wp-json\/wp\/v2\/pages"}],"about":[{"href":"https:\/\/centromeditest.com\/es\/wp-json\/wp\/v2\/types\/page"}],"author":[{"embeddable":true,"href":"https:\/\/centromeditest.com\/es\/wp-json\/wp\/v2\/users\/3"}],"replies":[{"embeddable":true,"href":"https:\/\/centromeditest.com\/es\/wp-json\/wp\/v2\/comments?post=35"}],"version-history":[{"count":6,"href":"https:\/\/centromeditest.com\/es\/wp-json\/wp\/v2\/pages\/35\/revisions"}],"predecessor-version":[{"id":1695,"href":"https:\/\/centromeditest.com\/es\/wp-json\/wp\/v2\/pages\/35\/revisions\/1695"}],"wp:attachment":[{"href":"https:\/\/centromeditest.com\/es\/wp-json\/wp\/v2\/media?parent=35"}],"curies":[{"name":"wp","href":"https:\/\/api.w.org\/{rel}","templated":true}]}}