{"id":287,"date":"2019-05-29T17:17:18","date_gmt":"2019-05-29T16:17:18","guid":{"rendered":"http:\/\/gorega.com\/?page_id=287"},"modified":"2020-11-27T17:47:21","modified_gmt":"2020-11-27T16:47:21","slug":"politica-de-privacidad-2","status":"publish","type":"page","link":"https:\/\/centromeditest.com\/es\/politica-de-privacidad-2\/","title":{"rendered":"Pol\u00edtica de privacidad"},"content":{"rendered":"\t\t<div data-elementor-type=\"wp-page\" data-elementor-id=\"287\" class=\"elementor elementor-287\">\n\t\t\t\t\t\t<section class=\"elementor-section elementor-top-section elementor-element elementor-element-27332b0 elementor-section-boxed elementor-section-height-default elementor-section-height-default\" data-id=\"27332b0\" data-element_type=\"section\">\n\t\t\t\t\t\t<div class=\"elementor-container elementor-column-gap-default\">\n\t\t\t\t\t<div class=\"elementor-column elementor-col-100 elementor-top-column elementor-element elementor-element-7277290e\" data-id=\"7277290e\" data-element_type=\"column\">\n\t\t\t<div class=\"elementor-widget-wrap elementor-element-populated\">\n\t\t\t\t\t\t<div class=\"elementor-element elementor-element-33618c7b elementor-widget elementor-widget-text-editor\" data-id=\"33618c7b\" data-element_type=\"widget\" data-widget_type=\"text-editor.default\">\n\t\t\t\t<div class=\"elementor-widget-container\">\n\t\t\t\t\t\t\t\t\t<h2><strong>Informaci\u00f3n b\u00e1sica<\/strong><\/h2><p>En cumplimiento de la Ley Org\u00e1nica 3\/2018, de 5 de diciembre, de Protecci\u00f3n de Datos Personales y garant\u00eda de los derechos digitales y el Reglamento (UE) 2016\/679, se le informa que los datos personales facilitados por usted ser\u00e1n incorporados a la base de datos titularidad de <strong>MEDITEST, S.L. <\/strong>\u00a0con la finalidad de facilitarle la informaci\u00f3n solicitada acerca de nuestros productos y servicios.<\/p><p>El responsable de tratamiento de sus datos es<strong> MEDITEST S.L. \u00a0<\/strong>con domicilio en la direcci\u00f3n <strong>MANUEL LEKUONA, 11 BAJO, DONOSTIA 20018 (GIPUZKOA)<\/strong><\/p><p>La base jur\u00eddica del tratamiento de la informaci\u00f3n es el consentimiento otorgado por el interesado<\/p><p>Los datos personales que usted aporte cuando nos contacte por medio de los formularios web ser\u00e1n conservados durante el tiempo necesario para la atenci\u00f3n de su solicitud y mientras no se solicite su cancelaci\u00f3n.<\/p><p>En ning\u00fan caso<strong> MEDITEST, S.L. \u00a0<\/strong>utilizar\u00e1 los datos personales de los interesados para fines distintos de los anteriormente mencionados, y se compromete a guardar el debido secreto profesional y a establecer las medidas t\u00e9cnicas y organizativas necesarias para salvaguardar la informaci\u00f3n conforme a los requerimientos de la normativa vigente en materia de protecci\u00f3n de datos.<\/p><p>Puede ejercer los derechos de acceso, rectificaci\u00f3n, cancelaci\u00f3n, oposici\u00f3n, portabilidad y limitaci\u00f3n de uso mediante escrito, acompa\u00f1ado de copia de documento oficial que le identifique, dirigido a <strong>MEDITEST, S.L. \u00a0<\/strong>con domicilio social en la direcci\u00f3n<strong> MANUEL LEKUONA, 11 BAJO, DONOSTIA 20018 (GIPUZKOA) <\/strong>o a la direcci\u00f3n de email: meditest@<\/p><h2><strong>Informaci\u00f3n Adicional Protecci\u00f3n Datos<\/strong><\/h2><h3>\u00bfQui\u00e9n es el Responsable del tratamiento de sus datos?<\/h3><ul><li><strong>Identidad: <\/strong>MEDITEST, S.L.<\/li><li><strong>CIF: <\/strong>B20164141<\/li><li><strong>Direcci\u00f3n Postal: <\/strong>MANUEL LEKUONA, 11 BAJO, DONOSTIA 20018 (GIPUZKOA)<\/li><li><strong>Correo: <\/strong>meditest@<\/li><li><strong>Tel\u00e9fono:<\/strong> \u00a0943316120<\/li><li><strong>Inscripci\u00f3n Registral:<\/strong> Reg. Mercantil de Gipuzkoa, T.1293 del Libro de Sdades., F.159, Hoja SS-5891, I 4\u00aa<\/li><\/ul><p><strong>\u00a0<\/strong><\/p><h3>\u00bfCon qu\u00e9 finalidad tratamos sus datos personales?<\/h3><p>&#8211; MEDITEST, S.L. \u00a0tratar\u00e1n la informaci\u00f3n facilitada por el Usuario con el fin de atender sus solicitudes relacionadas con la gesti\u00f3n del servicio solicitado y el env\u00edo de comunicaciones electr\u00f3nicas de naturaleza informativa.<\/p><h3>\u00bfPor cu\u00e1nto tiempo conservaremos sus datos?<\/h3><p>&#8211; Con car\u00e1cter general, los datos personales proporcionados se conservar\u00e1n durante el tiempo necesario para atender la solicitud del Usuario o mientras no se solicite su supresi\u00f3n por el Usuario.<\/p><h3>\u00bfCu\u00e1l es la legitimaci\u00f3n para el tratamiento de sus datos?<\/h3><p>&#8211; La base legal para el tratamiento de los datos es la legitimaci\u00f3n por consentimiento del Usuario.<\/p><p>&#8211; Para los clientes existentes, trataremos los datos en virtud de la ejecuci\u00f3n del contrato firmado por el Usuario.<\/p><h3>\u00bfA qu\u00e9 destinatarios se comunicar\u00e1n sus datos?<\/h3><p>MEDITEST, S.L. \u00a0no ceder\u00e1 datos personales a terceros ni realizar\u00e1 ninguna transferencia internacional de los mismos. En ning\u00fan caso utilizara los datos personales de los interesados para fines distintos.<\/p><h3>\u00bfCu\u00e1les son sus derechos cuando nos facilita sus datos?<\/h3><ul><li style=\"list-style-type: none;\"><ul><li style=\"list-style-type: none;\"><ul><li><u>\u00a0Derecho de acceso:<\/u> Usted tendr\u00e1 derecho a obtener confirmaci\u00f3n de si est\u00e1n tratando o no datos personales que le conciernen.<\/li><li><u>\u00a0Derecho de rectificaci\u00f3n:<\/u> Usted tendr\u00e1 derecho a obtener la rectificaci\u00f3n de los datos personales inexactos que le conciernan o est\u00e9n incompletos.<\/li><li><u>\u00a0Derecho de supresi\u00f3n:<\/u> Usted tendr\u00e1 derecho a obtener la supresi\u00f3n de los datos personales que le conciernan cuando los datos personales ya no sean necesarios en relaci\u00f3n con los fines para los que fueron recogidos o tratados de otro modo.<\/li><li><u>\u00a0Derecho de limitaci\u00f3n:<\/u> Usted podr\u00e1 solicitar la limitaci\u00f3n del tratamiento de sus datos personales, en cuyo caso \u00fanicamente los conservaremos para el ejercicio o la defensa de reclamaciones.<\/li><li><u>\u00a0Derecho de retirar el consentimiento:<\/u> Usted tendr\u00e1 derecho a retirar el consentimiento en cualquier momento, sin que ello afecte a la licitud del tratamiento basado en el consentimiento antes de su retirada.<\/li><li><u>\u00a0Derecho de oposici\u00f3n:<\/u> Usted tendr\u00e1 derecho a oponerse al tratamiento de sus datos MEDITEST, S.L. \u00a0dejar\u00e1 de tratar los datos, salvo por motivos leg\u00edtimos imperiosos, o el ejercicio o la defensa de posibles reclamaciones.<\/li><li><span style=\"text-decoration: underline;\">Derecho a la portabilidad de sus datos:<\/span> Usted puede solicitarnos que sus datos personales automatizados sean cedidos o transferidos a cualquier otra empresa que nos indique en un formato estructurado, inteligible y automatizado.<\/li><\/ul><\/li><\/ul><\/li><\/ul><p>&#8211; Los interesados pueden ejercitar sus derechos de acceso, rectificaci\u00f3n, supresi\u00f3n, limitaci\u00f3n, oposici\u00f3n y portabilidad de los datos dirigi\u00e9ndose por escrito a MEDITEST, S.L. \u00a0indicando el derecho a ejercer y adjuntando copia de DNI a trav\u00e9s de la siguiente direcci\u00f3n postal: MANUEL LEKUONA, 11 BAJO, DONOSTIA 20018 (GIPUZKOA) indicando en el sobre PROTECCI\u00d3N DE DATOS o a trav\u00e9s del correo electr\u00f3nico: meditest@<\/p><p>Los interesados tienen derecho a reclamar ante la Autoridad de Control y solicitar la tutela de derechos que no hayan sido debidamente atendidos a la Agencia Espa\u00f1ola de Protecci\u00f3n de datos a trav\u00e9s de la sede electr\u00f3nica de su portal web (<a href=\"https:\/\/www.agpd.es\/\">www.agpd.es<\/a>), o bien mediante escrito dirigido a su direcci\u00f3n postal (C\/Jorge Juan, 6, 28001-Madrid).<\/p>\t\t\t\t\t\t\t\t<\/div>\n\t\t\t\t<\/div>\n\t\t\t\t\t<\/div>\n\t\t<\/div>\n\t\t\t\t\t<\/div>\n\t\t<\/section>\n\t\t\t\t<\/div>\n\t\t","protected":false},"excerpt":{"rendered":"<p>Informaci\u00f3n b\u00e1sica En cumplimiento de la Ley Org\u00e1nica 3\/2018, de 5 de diciembre, de Protecci\u00f3n de Datos Personales y garant\u00eda de los derechos digitales y el Reglamento (UE) 2016\/679, se le informa que los datos personales facilitados por usted ser\u00e1n incorporados a la base de datos titularidad de MEDITEST, S.L. \u00a0con la finalidad de facilitarle [&hellip;]<\/p>\n","protected":false},"author":3,"featured_media":0,"parent":0,"menu_order":0,"comment_status":"closed","ping_status":"closed","template":"","meta":{"footnotes":""},"class_list":["post-287","page","type-page","status-publish","hentry","entry"],"_links":{"self":[{"href":"https:\/\/centromeditest.com\/es\/wp-json\/wp\/v2\/pages\/287","targetHints":{"allow":["GET"]}}],"collection":[{"href":"https:\/\/centromeditest.com\/es\/wp-json\/wp\/v2\/pages"}],"about":[{"href":"https:\/\/centromeditest.com\/es\/wp-json\/wp\/v2\/types\/page"}],"author":[{"embeddable":true,"href":"https:\/\/centromeditest.com\/es\/wp-json\/wp\/v2\/users\/3"}],"replies":[{"embeddable":true,"href":"https:\/\/centromeditest.com\/es\/wp-json\/wp\/v2\/comments?post=287"}],"version-history":[{"count":8,"href":"https:\/\/centromeditest.com\/es\/wp-json\/wp\/v2\/pages\/287\/revisions"}],"predecessor-version":[{"id":1667,"href":"https:\/\/centromeditest.com\/es\/wp-json\/wp\/v2\/pages\/287\/revisions\/1667"}],"wp:attachment":[{"href":"https:\/\/centromeditest.com\/es\/wp-json\/wp\/v2\/media?parent=287"}],"curies":[{"name":"wp","href":"https:\/\/api.w.org\/{rel}","templated":true}]}}