{"id":1943,"date":"2023-04-25T13:45:18","date_gmt":"2023-04-25T11:45:18","guid":{"rendered":"https:\/?page_id=1943"},"modified":"2023-04-25T13:45:19","modified_gmt":"2023-04-25T11:45:19","slug":"renovar-carnet-de-conducir-en-donostia","status":"publish","type":"page","link":"https:\/\/centromeditest.com\/es\/renovar-carnet-de-conducir-en-donostia\/","title":{"rendered":"&#10;Renovar carnet de conducir en Donostia"},"content":{"rendered":"<p><strong>Meditest es un centro m\u00e9dico y psicot\u00e9cnico en Donostia, Gipuzkoa (San Sebasti\u00e1n)<\/strong> compuesto por un equipo multidisciplinar de oftalm\u00f3logo, psic\u00f3logos y m\u00e9dicos encargados de realizar los <strong>reconocimientos y certificados m\u00e9dicos para permisos de conducir, licencias de armas, seguridad, n\u00e1utica, operador de gr\u00faa<\/strong>, \u2026 etc.<\/p>\n<p>Nuestra prioridad eres t\u00fa . Te ofrecemos un servicio profesional de calidad que responda a tus necesidades de la forma m\u00e1s c\u00f3moda y r\u00e1pida posible.<\/p>\n<p>Si desea obtener m\u00e1s informaci\u00f3n sobre <strong>renovar carnet de conducir en Donostia<\/strong>\u00a0p\u00f3ngase en contacto con nosotros, estaremos encantados de atenderle.<\/p>\n<div class=\"wpforms-container wpforms-container-full\" id=\"wpforms-1741\"><form id=\"wpforms-form-1741\" class=\"wpforms-validate wpforms-form wpforms-ajax-form\" data-formid=\"1741\" method=\"post\" enctype=\"multipart\/form-data\" action=\"\/es\/wp-json\/wp\/v2\/pages\/1943\" data-token=\"01b5a7fffee631598edb26f636e0f92b\" data-token-time=\"1777669112\"><noscript class=\"wpforms-error-noscript\">Por favor, activa JavaScript en tu navegador para completar este formulario.<\/noscript><div class=\"wpforms-field-container\"><div id=\"wpforms-1741-field_0-container\" class=\"wpforms-field wpforms-field-name\" data-field-id=\"0\"><label class=\"wpforms-field-label\" for=\"wpforms-1741-field_0\">Nombre y Apellido <span class=\"wpforms-required-label\">*<\/span><\/label><input type=\"text\" id=\"wpforms-1741-field_0\" class=\"wpforms-field-medium wpforms-field-required\" name=\"wpforms[fields][0]\" required><\/div><div id=\"wpforms-1741-field_4-container\" class=\"wpforms-field wpforms-field-text\" data-field-id=\"4\"><label class=\"wpforms-field-label\" for=\"wpforms-1741-field_4\">Tel\u00e9fono<\/label><input type=\"text\" id=\"wpforms-1741-field_4\" class=\"wpforms-field-small\" name=\"wpforms[fields][4]\" ><\/div><div id=\"wpforms-1741-field_1-container\" class=\"wpforms-field wpforms-field-email\" data-field-id=\"1\"><label class=\"wpforms-field-label\" for=\"wpforms-1741-field_1\">Email<\/label><input type=\"email\" id=\"wpforms-1741-field_1\" class=\"wpforms-field-small\" name=\"wpforms[fields][1]\" spellcheck=\"false\" ><\/div><div id=\"wpforms-1741-field_2-container\" class=\"wpforms-field wpforms-field-textarea\" data-field-id=\"2\"><label class=\"wpforms-field-label\" for=\"wpforms-1741-field_2\">Motivo Reconocimiento <span class=\"wpforms-required-label\">*<\/span><\/label><textarea id=\"wpforms-1741-field_2\" class=\"wpforms-field-medium wpforms-field-required\" name=\"wpforms[fields][2]\" required><\/textarea><\/div><div id=\"wpforms-1741-field_5-container\" class=\"wpforms-field wpforms-field-checkbox\" data-field-id=\"5\"><label class=\"wpforms-field-label\">Acuerdo RGPD <span class=\"wpforms-required-label\">*<\/span><\/label><ul id=\"wpforms-1741-field_5\" class=\"wpforms-field-required\"><li class=\"choice-1 depth-1\"><input type=\"checkbox\" id=\"wpforms-1741-field_5_1\" name=\"wpforms[fields][5][]\" value=\"He le\u00eddo y acepto la &lt;a target=&quot;blank&quot; href=&quot;\/politica-de-privacidad\/&quot;&gt;&lt;strong&gt;&lt;u&gt;Pol\u00edtica de privacidad&lt;\/u&gt;&lt;\/strong&gt;&lt;\/a&gt;\" required ><label class=\"wpforms-field-label-inline\" for=\"wpforms-1741-field_5_1\">He le\u00eddo y acepto la <a target=\"blank\" href=\"\/politica-de-privacidad\/\"><strong><u>Pol\u00edtica de privacidad<\/u><\/strong><\/a><\/label><\/li><\/ul><\/div><\/div><!-- .wpforms-field-container --><div class=\"wpforms-recaptcha-container wpforms-is-recaptcha wpforms-is-recaptcha-type-v3\" ><input type=\"hidden\" name=\"wpforms[recaptcha]\" value=\"\"><\/div><div class=\"wpforms-submit-container\" ><input type=\"hidden\" name=\"wpforms[id]\" value=\"1741\"><input type=\"hidden\" name=\"page_title\" value=\"\"><input type=\"hidden\" name=\"page_url\" value=\"https:\/\/centromeditest.com\/es\/wp-json\/wp\/v2\/pages\/1943\"><input type=\"hidden\" name=\"url_referer\" value=\"\"><button type=\"submit\" name=\"wpforms[submit]\" id=\"wpforms-submit-1741\" class=\"wpforms-submit\" data-alt-text=\"Sending...\" data-submit-text=\"Enviar\" aria-live=\"assertive\" value=\"wpforms-submit\">Enviar<\/button><img decoding=\"async\" src=\"https:\/\/centromeditest.com\/wp-content\/plugins\/wpforms-lite\/assets\/images\/submit-spin.svg\" class=\"wpforms-submit-spinner\" style=\"display: none;\" width=\"26\" height=\"26\" alt=\"Cargando\"><\/div><\/form><\/div>  <!-- .wpforms-container -->\n","protected":false},"excerpt":{"rendered":"<p>Meditest es un centro m\u00e9dico y psicot\u00e9cnico en Donostia, Gipuzkoa (San Sebasti\u00e1n) compuesto por un equipo multidisciplinar de oftalm\u00f3logo, psic\u00f3logos y m\u00e9dicos encargados de realizar los reconocimientos y certificados m\u00e9dicos para permisos de conducir, licencias de armas, seguridad, n\u00e1utica, operador de gr\u00faa, \u2026 etc. Nuestra prioridad eres t\u00fa . Te ofrecemos un servicio profesional de [&hellip;]<\/p>\n","protected":false},"author":4,"featured_media":0,"parent":0,"menu_order":0,"comment_status":"closed","ping_status":"closed","template":"","meta":{"footnotes":""},"class_list":["post-1943","page","type-page","status-publish","hentry","entry"],"_links":{"self":[{"href":"https:\/\/centromeditest.com\/es\/wp-json\/wp\/v2\/pages\/1943","targetHints":{"allow":["GET"]}}],"collection":[{"href":"https:\/\/centromeditest.com\/es\/wp-json\/wp\/v2\/pages"}],"about":[{"href":"https:\/\/centromeditest.com\/es\/wp-json\/wp\/v2\/types\/page"}],"author":[{"embeddable":true,"href":"https:\/\/centromeditest.com\/es\/wp-json\/wp\/v2\/users\/4"}],"replies":[{"embeddable":true,"href":"https:\/\/centromeditest.com\/es\/wp-json\/wp\/v2\/comments?post=1943"}],"version-history":[{"count":1,"href":"https:\/\/centromeditest.com\/es\/wp-json\/wp\/v2\/pages\/1943\/revisions"}],"predecessor-version":[{"id":1946,"href":"https:\/\/centromeditest.com\/es\/wp-json\/wp\/v2\/pages\/1943\/revisions\/1946"}],"wp:attachment":[{"href":"https:\/\/centromeditest.com\/es\/wp-json\/wp\/v2\/media?parent=1943"}],"curies":[{"name":"wp","href":"https:\/\/api.w.org\/{rel}","templated":true}]}}