{"id":1524,"date":"2020-11-29T20:01:59","date_gmt":"2020-11-29T19:01:59","guid":{"rendered":"https:\/?page_id=1524"},"modified":"2021-06-15T18:28:28","modified_gmt":"2021-06-15T17:28:28","slug":"politica-de-cookies","status":"publish","type":"page","link":"https:\/\/centromeditest.com\/es\/politica-de-cookies\/","title":{"rendered":"Pol\u00edtica de Cookies"},"content":{"rendered":"\t\t<div data-elementor-type=\"wp-page\" data-elementor-id=\"1524\" class=\"elementor elementor-1524\">\n\t\t\t\t\t\t<section class=\"elementor-section elementor-top-section elementor-element elementor-element-2763e7c elementor-section-boxed elementor-section-height-default elementor-section-height-default\" data-id=\"2763e7c\" data-element_type=\"section\" data-e-type=\"section\">\n\t\t\t\t\t\t<div class=\"elementor-container elementor-column-gap-default\">\n\t\t\t\t\t<div class=\"elementor-column elementor-col-100 elementor-top-column elementor-element elementor-element-5c7645f\" data-id=\"5c7645f\" data-element_type=\"column\" data-e-type=\"column\">\n\t\t\t<div class=\"elementor-widget-wrap elementor-element-populated\">\n\t\t\t\t\t\t<div class=\"elementor-element elementor-element-827959f elementor-widget elementor-widget-text-editor\" data-id=\"827959f\" data-element_type=\"widget\" data-e-type=\"widget\" data-widget_type=\"text-editor.default\">\n\t\t\t\t<div class=\"elementor-widget-container\">\n\t\t\t\t\t\t\t\t\t<div>\n<p>https:\/ utiliza cookies con la finalidad de prestarle una mejor experiencia en su navegaci\u00f3n. Asimismo, en caso de que preste su consentimiento, utilizaremos cookies que nos permitan obtener m\u00e1s informaci\u00f3n acerca de sus preferencias y personalizar nuestro Sitio Web de conformidad con sus intereses individuales, para que tenga una navegaci\u00f3n m\u00e1s fluida y personalizada.<\/p>\n<p><\/p>\n<p>Desde MEDITEST, SL queremos informarle de manera clara y precisa sobre las cookies que utilizamos en nuestro sitio web. En caso de que quiera obtener m\u00e1s informaci\u00f3n sobre el uso y la finalidad que hacemos de las cookies implementadas en nuestro sitio web, puede escribir un correo electr\u00f3nico a <a href=\"mailto:meditest@\">meditest@<\/a>&nbsp;<\/p>\n<p><\/p>\n<p><strong><em>\u00bfQu\u00e9 es una cookie?<\/em><\/strong><\/p>\n<p><strong>&nbsp;<\/strong><span style=\"font-size: 20px;\">Una cookie es un peque\u00f1o archivo que se descarga en el ordenador, tablet o smartphone del usuario, con la finalidad de almacenar datos e informaci\u00f3n que podr\u00e1n ser actualizados y recuperados por la entidad responsable de su instalaci\u00f3n.<\/span><\/p>\n<p><\/p>\n<p>La informaci\u00f3n recabada a trav\u00e9s de las cookies puede incluir la fecha y hora de visitas al sitio web, las distintas pesta\u00f1as que usted ha visionado o el tiempo que ha permanecido en el mismo.<\/p>\n<p><\/p>\n<p>Las cookies de este sitio web no almacenan informaci\u00f3n confidencial como su nombre, direcci\u00f3n, etc., no obstante, si desea restringir, bloquear o eliminar las cookies de este sitio web o de cualquier otro, puede configurar su navegador para rechazar o aceptar las mismas o para que estas \u00e9stas sean eliminadas de forma autom\u00e1tica una vez cierre el navegador o apague el ordenador o dispositivo m\u00f3vil.<\/p>\n<p><\/p>\n<p><strong><em>\u00bfQu\u00e9 tipos de cookies utiliza<\/em><\/strong><strong> https:\/?<\/strong><\/p>\n<p><strong>&nbsp;<\/strong><\/p>\n<p>Seg\u00fan el plazo de tiempo que permanecen activas las cookies pueden ser:<\/p>\n<ul>\n<li><strong>Cookies de sesi\u00f3n:&nbsp;<\/strong>dise\u00f1adas para recabar y almacenar datos mientras el usuario accede a una p\u00e1gina web. Se suelen emplear para almacenar informaci\u00f3n que s\u00f3lo interesa conservar para la prestaci\u00f3n del servicio solicitado por el usuario en una sola ocasi\u00f3n (por ejemplo, una lista de productos adquiridos).<\/li>\n<li><strong>Cookies persistentes<\/strong><strong>:&nbsp;<\/strong>Son un tipo de cookies por las que los datos siguen almacenados en el terminal y puede accederse a ellos y ser tratados durante un periodo definido. Tienen fecha de borrado. Se utilizan por ejemplo en el proceso de compra o registro para evitar tener que introducir nuestros datos constantemente.<\/li>\n<\/ul>\n<p>Seg\u00fan quien sea la entidad que gestione el equipo o dominio desde donde se env\u00edan las cookies y trate los datos que se obtengan, podemos distinguir:<\/p>\n<ul>\n<li><strong>Cookies propias<\/strong><strong>:&nbsp;<\/strong>Son aquellas que se env\u00edan al dispositivo del usuario gestionadas exclusivamente por nosotros.<\/li>\n<li><strong>Cookies de terceros<\/strong><strong>:&nbsp;<\/strong>Son aquellas que se env\u00edan al dispositivo del usuario desde un equipo o dominio que no es gestionado por nosotros sino por otra entidad, que tratar\u00e1 los datos obtenidos.<br \/>Cuando navegue por https:\/ se pueden instalar en tu dispositivo las siguientes cookies:<\/li>\n<\/ul>\n<p>Seg\u00fan la finalidad para las que se traten los datos obtenidos a trav\u00e9s de ellas, las cookies pueden ser<\/p>\n<p><\/p>\n<table width=\"99%\">\n<tbody>\n<tr>\n<td width=\"11%\">\n<p>Nombre<\/p>\n<\/td>\n<td width=\"20%\">\n<p>Descripci\u00f3n<\/p>\n<\/td>\n<td width=\"68%\">\n<p>Finalidad<\/p>\n<\/td>\n<\/tr>\n<tr>\n<td width=\"11%\">\n<p><strong>Tipo 1<\/strong><\/p>\n<\/td>\n<td width=\"20%\">\n<p><strong>Cookies t\u00e9cnicas<\/strong><\/p>\n<\/td>\n<td width=\"68%\">\n<p>Permiten al usuario la navegaci\u00f3n a trav\u00e9s de una p\u00e1gina web, plataforma o aplicaci\u00f3n y la utilizaci\u00f3n de las diferentes opciones o servicios que en ella existan, incluyendo aquellas que el editor utiliza para permitir la gesti\u00f3n y operativa de la p\u00e1gina web y habilitar sus funciones y servicios, como, por ejemplo, controlar el tr\u00e1fico y la comunicaci\u00f3n de datos, identificar la sesi\u00f3n acceder a partes de acceso restringido, entre otras funcionalidades<\/p>\n<\/td>\n<\/tr>\n<tr>\n<td width=\"11%\">\n<p><strong>Tipo 2<\/strong><\/p>\n<\/td>\n<td width=\"20%\">\n<p><strong>Cookies de preferencia o personalizaci\u00f3n<\/strong><\/p>\n<\/td>\n<td width=\"68%\">\n<p>Permiten recordar informaci\u00f3n para que el usuario acceda al servicio con determinadas caracter\u00edsticas que pueden diferenciar su experiencia de la de otros usuarios, como, por ejemplo, el idioma, el n\u00famero de resultados a mostrar cuando el usuario realiza una b\u00fasqueda, el aspecto o contenido del servicio en funci\u00f3n del tipo de navegador a trav\u00e9s del cual el usuario accede al servicio o de la regi\u00f3n desde la que accede al servicio, etc.<\/p>\n<\/td>\n<\/tr>\n<tr>\n<td width=\"11%\">\n<p><strong>Tipo 3<\/strong><\/p>\n<\/td>\n<td width=\"20%\">\n<p><strong>Cookies de an\u00e1lisis o medici\u00f3n<\/strong><\/p>\n<\/td>\n<td width=\"68%\">\n<p>Son aquellas que permiten al responsable de las mismas el seguimiento y an\u00e1lisis del comportamiento de los usuarios de los sitios web a los que est\u00e1n vinculadas, incluida la cuantificaci\u00f3n de los impactos de los anuncios. La informaci\u00f3n recogida mediante este tipo de cookies se utiliza en la medici\u00f3n de la actividad de los sitios web, aplicaci\u00f3n o plataforma, con el fin de introducir mejoras en funci\u00f3n del an\u00e1lisis de los datos de uso que hacen los usuarios del servicio.<\/p>\n<\/td>\n<\/tr>\n<tr>\n<td width=\"11%\">\n<p><strong>Tipo 4<\/strong><\/p>\n<\/td>\n<td width=\"20%\">\n<p><strong>Cookies de publicidad comportamental<\/strong><\/p>\n<\/td>\n<td width=\"68%\">\n<p>Son aquellas que almacenan informaci\u00f3n del comportamiento de los usuarios obtenida a trav\u00e9s de la observaci\u00f3n continuada de sus h\u00e1bitos de navegaci\u00f3n, lo que permite desarrollar un perfil espec\u00edfico para mostrar publicidad en funci\u00f3n del mismo.<\/p>\n<\/td>\n<\/tr>\n<\/tbody>\n<\/table>\n<p>A continuaci\u00f3n, se detallan todas las cookies de terceros utilizadas por este sitio web, as\u00ed como sus caracter\u00edsticas y finalidades:<\/p>\n<p><img decoding=\"async\" src=\"data:image\/png;base64,iVBORw0KGgoAAAANSUhEUgAAAR0AAADGCAYAAADv5FQjAAAfmElEQVR4Ae2d+5NcR3XH9adIVfpbTIr8YAo7LvJAstBzCxtbMiguEjArJQSFSrABR5aRbAucEJdUgVRclZCi8kOwcblsVoDESwJbK1na1a5iW7ZWIK12Tuqcvufe0+f2nZmdx917Z75bNXtf\/Tj97T6f6e6Z6d5E+IMCUAAK1KjAphrzQlZQAApAAQJ00AigABSoVQFAp1a5kRkUgAKADtoAFIACtSoA6NQqNzKDAlAA0EEbgAJQoFYFAJ1a5UZmUAAKADpoA1AACtSqAKBTq9zIDApAAUAHbQAKQIFaFQB0apUbmUEBKADooA1AAShQqwKATq1yIzMoAAUAHbQBKAAFalVg0+Uri4QXNEAbQBuoqw303dN5\/a07hBc06NYGan27RGatVQDQAUxH9mbSWi+A4bUqAOgAOoBOrS6HzAAdQAfQAQdqVQDQAXQAnVpdDpkBOoAOoAMO1KoAoAPoADq1uhwyA3QAHUAHHKhVAUAH0AF0anU5ZAbojAA6Lz62le49eiVz3jdoZstW2vzYGyNz5m5fyGvSM7gTFOhHgU3Ly8u0lL30fHn5Oi0tLUXx62vc7LQP0pE32\/Pt3xg63u4rdOSBrTTzsr8\/2PUPjj7YWKBFDQYXUKBCgU07d+2lXbvDi88\/tXM37Zv5NJ389neiKIBONSQAnaBN1GBwAQUqFNjEwGHQ7Ny1R+Cze88MfeXIV2l1dTWK4qEj77g8jMhe9p2cnVDvb94ySy\/mQ5gw9Jh5Obz7a5g87suzJh6nEeJKXg+8RC\/yu\/yWxFAmt8PmdYd8vCJuNgSSeIlelbMjty8rR1S+x96gGDqhbDLcevMluje3jctj84o12PzAS\/SDXKfUM3cv0sEB0edrh3r+WSLfe4++Ib2zUD+ZzVaTKE6Rd9RgcAEFKhQQ6DBwFDoPPfwIXV1YKAW30AnAMQ7+5kt0JBs+iEOaRq6OHxxKnb1wvlJab5WHVyGMhc0dej1zHgsEn1YpXu44Rf5ir3UiCROX7V4Di3R4a5uBjkAkXFs7X3\/Lh7kj4NJ5IK\/hi0cLIEmZjL62XuS8pMsVOnI0m1+SshVl5\/BxeRRsRRh5zuDMNQp1WMxhATolZ8GNrgps2r1nH\/GLezx8fOWVVyXC3bt3o4hF4y5DIX8mDd44rDidDZ9qsPY5N2B\/nfVYoh5T7KR5\/pkzq4OLg+bOwmmXnT3AS21OASLkVfRcCofUfNkxCyf0eSTSZOeP7FKIBjvi9Aqn5vx6Qac6rrdL07V6J8JIncZlrrIhajC4gAIVCmw6fvw52r13hvbsnaHjx09IsLW1tVJwdbDXfU8gHxLcofDMDq2K8wCCAB2FQkjT37NOEByjL3hkdlinq4oX5R+BMtiiw77oyL2LirLbPMtgK0NH7IqGXapT5tySD99TGCogekHHa1nECzBPTWhb+6qgE9sB6JTcAzfWocCmWyu36ODBx+lzBx8nPu90OvLyaUTQ8e\/SCp4Kp8zjSi\/GN3zvKP1DJ4LHCKGTSlfKwOVLlH0g6CTSKXQysGU4meFUlcOHuGXtijSrngE6vq3jerwKyPd0zp8\/TxcuXJCcGDqpv7zxJrrbfT0TKHjAsHP5e2XnKPdYhhteRVCJejqJd3oFKh+TZfdx0tdRnj3h7HsoxfCmO3R83jadqmdW70SYSB8DQwNCrf9Uu8E9KOAVGOjLgfzOHr3j+4nk6F38Ch15TCdCPWCqoBP3hlLQqZxINnmX4wWnigDgnUqAUDg5O9QPjs5m3xsK8Us9j+iTJO+4\/prLXE5H4CuObPUqg65cJqdpyf4+JpJzgCRs9fp0mVfyjQvXUCClwEDQYUcU8OTzEtZJM4fKn1mAOAep6P2IY0n8MJdQdrTsHVwcQudDHAjVOQyE1Nm7QkfjGfstZDQNne\/hCeTuwys712V1ClpoOvbj9GptC0hzvDB5ndBUwFPoUkxyW1uy5zlwChhG4QGdlN\/g3hAKDAwd7VLjmAHQDsOm9HyIdoioU6QAoDOlgBjHm8UU+Q2KOoQCgA6gM7Ifpg7RDhF1ihQAdAAdQGeKHL4JRQV0AB1ApwmeOEU2ADqADqAzRQ7fhKICOoAOoNMET5wiGwAdQAfQmSKHb0JR+4ZOE4yFDVAACrRfAUCn\/XWIEkCBVikA6LSqumAsFGi\/AoBO++sQJYACrVKg8dDpdMIKhreXf0h06fP0\/i8+S++d3V\/5ev\/cAXrv7AG69ZvP0q35p6mz9nupkKolO1pVWzAWCkyAAi2ATlggfmX+BNG1v6DOxQNEl\/cTXeZj4nVpP9GlA0RvP0L09n20+sFZqSaF1wTUGYoABVqtQHugc+kk0fxuouWTRNeOEV17tvtr8Vm6+6uP050bP5MK6nTKS7C2uuZgPBRoqQItgs4LRG8\/KMBZu\/I16lx9qvJFC1+ntStP0t1ffozu3Pi5VA2g09IWCrMnToGxQ+dfvvuvQ4nW6WTDq0svEF3cIb0bBg4tfCP56lz9utznY4CO9nTi3S2GMgqRoQAUGFiBsUOHN\/J74kuHiLcqHuRv46BzhmZ59cBDZxJmh2ezc4lH03hr6TRt27KVtp2Kt6LecCnmDtPmLYeplmqqM68NF3Y4A2qBDoPn0w99Jt9Taz0mbxh0uBFt30Hbko0W0FlPHQ4SdunUjgrgryO1OkFQZ17rkKCJQWuDDoOHXydOPE8rKyt9a7FR0Jk7tJVm55bo1HY+enMBHa\/IqK8BnVEr2pz0aocOg4f32Jqfv9SXChsDHYZK6JZL499+muKBQwwdDTPH787Zgu5hqBHChXs7KB59BKBp+NQwgMFXPLfxXdzIPrUtDhOBMxsO5WlHQ0iNb203WuiC9ck4pkrlnb+w3+avei3ZMHkZYrvZRjtsizVJvSF4G9zwypc9z7eIJ\/ZpObeYPHxcqwF6OoWAPc42CDp\/ORbo8OSxvtauPCUTybffD92U9Xx6JY1OG5Q0NOvwrKg6ZlBXG2nuHLkzFfHEWWwDXzpNs4ZC8lzzJKJS+LnTGbSCU+Z5adg8rsKiyDvYVzjf0qnDBoBxWbRsBQQNBDSPzPkKkLg0vAM6DVWvYr4sxLdliupAZM7sUBv4XsmOUB\/5f2+HXBe6cDivs9eK8ziV9XS76ubzyo3AiVegdugcP\/HcWIdXDBv5ZGvxKHV+\/XFavambCPb76VVo3IVDlZ1cHVPDSEO1QKFEHHGQwvF9RRA3Wk2jW1gbThOJwpcdONgbO5tG5SM7XuHwDiASoDwhWx3H6xdysuFLjs38cHM4\/lr0ScyvlcJFBbN2J+pEwnJ5VRt7bhNKn9syVdmXjjndd2uDTh0TydrL4ePt332eVuY+QisXj1Hn7kpyq+Rk1UcOHEJIw1YgyK3YMcvPE46XSDc01GIIotApp1dYKs9M1z8fIkWOY4YECXv5FjtMEbcP6ETl7waqoI1NOz\/Peimp8vl7cm16Nf55rkgKwvow6n3EdaZBKHuDkDeQKHwRwp5V6tZHXJvONJ\/XAp0nnpit5SPz0Mt5mlYvHqbrr91D7\/\/0k0S\/vZ9+v\/D9rI5793akcXd1ak4qbsBlh+gNndB4Tc\/HOI93ONtAy3nZp2XbwlNrbwYF49DRO7Yrm8Q3tmlu1XFsXho6PqbK4O95Dfx1nmLCtuhZ3jtiu7RHk4fgPlbxYUG3tDJdiiGhAy\/HzfOy6ePcKzB26NT55UDp6SwepdtvfZGWXr2HaOkE0fxOusm\/2yIinZT2IhTXpgEWN+VMIJE7auxY3mGihqzpRD2dhAPYBt+tAXd7JnnFtoXszT2bT2ZbNUA0gBn66a3KIVnQsBiuZRHMoaxXNrwyvakSZCrKXQpn8omHPFV2mbqQOkqBibuGPTSosM+ag\/OgwNihM6zQCooV\/kZyj59B8E8fOgtPC3Suv\/YRosWjRPOfoluXT4oZmlalTd0aTvTMOLHORxiH6Q0d7wAhPR1eaXz7rkpuIjl6xu\/CFUAMZTX2eseSco1yeJU5qOtV2EnYvqGT0DQqty+Lr9ioztJ2xW8m2bDT5qsTyT4vr5vPy9uC61yBFkGnzx98Lj1Hdy99ma6\/9kdEyy8QXdpNK5eelwKvde7kBU+d+AYYhzGO64YgZSdK9Jik0ZrhlFzrvMphmuNGaxt71u3P50OirnsGqXwYaN+drZ1agvie2KtxD53pbyI5ss0NLZwenGuUB+eVQ7Hcq8nDR3kUZSx6TUHXQhNbbi2rOaZAkMEiT8PYpTGlHag+Bp5Rmbxuqbw0QRwjBdoDnb6WtthP9M5nid7eR7d\/\/sdEF\/cTXflzuvXOP4dCZ2vzRArgAgpAgVoVaAF01reI13tnH6X3zh2gG796nD785QG6eeFvae32YhC106lVXGQGBaBAWYHGQ6dsMu5AASjQZgUAnTbXHmyHAi1UANBpYaXBZCjQZgUAnTbXHmyHAi1UANBpYaXBZCjQZgUAnTbXHmyHAi1UANBpYaXBZCjQZgUAnTbXHmyHAi1UANBpYaXBZCjQZgUAnTbXHmyHAi1UoPHQ0e2Ab1\/\/H6LLX6AbvzhI8lOHiv3M3z+3X34GcfPXB+jm\/DGitdstrBaYDAUmV4EWQCdstnfr8vNEV++j1Qt7id45SMR7llfuZb6f6OIjROc\/RqsfnMtqD9sKT24zRsnapEB7oMO\/FP\/Nx+iDn26jzpUnia6dIFo8RrRYsaf54rO0ZvYyX1vrvWpgmyoOtkKBtirQGuiERby20Yfn9tDya\/fQnbeekAW7eOEuWbzL7G0e72Wu2wqjp9PWRgq7J0uB1kDn5vzz2V7m36IPz+4U8PzhwuNEC0\/n287wLhC8ZKkeh9rL3C\/2ZPc\/GkkbiBfW8kmGhaTMol8+AK6hQEsVGBt0lpaWZDH2peVlWl5eJj7ac97bnMP0+tMlRvPlSnlItfA0rfzyYVr+8T10+3dflGvdemYU0Ek6vNunqpfdvZ93h07v+AgBBdqpwNigc\/Lb36F9M5+WrYR37tpLu3aHF5\/zLp\/8jMP0+iugoz2dZ0kAs\/gM3fjpJ+kGz\/FcOxr1cIbp6ZSXHu1l4aDPAZ1BlUO8diswNuisrq7SV458lXbvmRHgMGh27toj53yPn3GYXn8FdF4guvgg0TWGzteoc+0Y3fzFDL375p8QLT5Dnathk73hejrrAEG0xvFWt75xKFW0pq7bHtdvY6PXuk5yCn7x2r3x0CvOq8fawb1Ex3MoMEYFxgYdtvnq1av00MOPCGgYOAodvnd1YaGvYsXQ2SGfWHXeCdD58Nw++r837gv3rj6Zz+UM3NPxi6dXWSjzPbFjCxDMwuL+WqFSLDJuAZctOG4WCffQkfSqnvtFwfOdI6oKgPtQYOMUGBt07t4NH1H\/6Eev0O49++TFQyw+f+WVV6XEGqZb8cvQeTb7yPwYMXTeffN+omvVPZ117WXOzmvAkbbLbx+joRgiGYgEXjGUJFSUfgGdMqDcjglJGJr8onTVHhyhQDMVGBt0uLhra+Fj6uPHn6Pde2doz94ZOn48bHynz3rJUobOMeq886QMr+KeTnl4te69zH2PIWlcAYv4sdl2piqdCB4hnW3bdyRBF\/V0JD3driY+hv3UQ1q8rYrurx7bhiso0BwFxgqdTqcje4jfWrlFBw8+Tp87+Djxud7vR4YSdLI5HVo6ns3p3E8d6emE4ZX9FOvWmY\/SzfXsZV7VQ4kMNT2M6L6DTqrHVAUd7SGZ9MrQiedwTNDiVNJnKPURtoiFMyhQqwJjhQ6XhAHDf+fPn6cLFy7Iud6Tix7\/StBZPCafVK3Of1mGVh+e2y07eVrYhDmdJ+nGz3YQ\/fa+de1l7udOyuaNfngVJoFjUETQ6QuGhaVchmLuqLiPMyjQBAXGDp1hC1mCzsIzAhn+1Or6ax+lu5ePUGfhm\/lH5gycAJ2nwk8lLn5qHXuZs7XZUMX3VOz3dGS4E8\/ZeFiV52lCusXwJ76W8KaHEkGHd8Q95D8hW6JTh04Tf9PJbtmrWxIDOsO2PMQflwLtgg7vZc49ncWjWS9nn8ztyEfo5mcQ\/PF5hz\/NWnxGvsXc917mRuUAATt\/EvdEyM+zmE+WNBmfRgEcDhFDR2GxORtqeegUzwub8vScLQCO1gCOTVSgRdA5SXRxZ\/iR57Vn5KNy\/lYyXT9JdO2YfH+Hv8NTvI4RLfP+57v63su8iRUEm6DApCnQHujMHye6vJ1o4RjR0rfo3Z98glbOfoLoyufSy1xcepRo\/gD2Mp+0FovytF6BFkAnfN\/nD0v\/SXfPf5J+f\/Z+unP+Ybr58wfo+pt\/mi3o9Si95xb1ev\/cAexl3vrmiQJMogKNh44VfXXlbbq18D167+xn6MOf\/RndXTlvH+McCkCBFijQKui0QE+YCAWgQA8FAJ0eAuExFIACo1UA0BmtnkgNCkCBHgoAOj0EwmMoAAVGqwCgM1o9kRoUgAI9FAB0egiEx1AACoxWAUBntHoiNSgABXooAOj0EAiPoQAUGK0CgE6Fnv\/7yo\/pqW8epZmH9tP2nfvkyDtY4A8KQIHhFAB0nH7z85fo7\/7+HwU0DBv7+tWvf+NC4xIKQIH1KgDoGMUYONqzsbDRc0DHiIVTKDCgAoBOJpwHzrMnXiCGzJeP\/EPe23ns4F9JL4jD4g8KQIHBFAB0Mt0sXLhno38MHu3p6PHfvv8f+hhHKAAF1qkAoEMkPRoFih6\/9+8v08rKCn3rxMkSdDQM93w4DP6gABToXwFAh4ie\/MY\/VYJFAVN1xDxP\/40NIaEAKwDoENG+hx6VF38kzj0XP9SqAg7f\/8KX\/oa4V8QvzPXAqaBAbwUAHSLp5TA89O\/F776U93wYSPydHXuvCkLcYxr6L1pk\/TDN8bXdmSLf2ypboD2xIPzQNiABKDBGBQCdDDoMEu6t\/OjV16KPze2k8YGDn89hlAIPg2moPwGO3dom7BhhoRNvN+N3lBgqd0SGArUoAOgY6KRAwt9K5j8eOulz\/Tidj3qPjxZQ66+9ik38fE\/HJczb3GDLGScKLhutAKBDRH\/9xOEIHhYkqXP9xMp\/nP6TuTNDVHZFryUBHb+fFqAzhOyIWrsCgA6R9FBScKm6x8Mw\/vPzPAqjwWqRoWOHVlkqEXSy4ZaZx0FPZzC1EWvjFAB0iIg\/teIJ4xRk+JMsHjZVPdc4ww2tuAGkh1fRTp8RgEKjAXQ2znmQ82AKADqZbgwNBYg9au+FP8Gy9+05A0nDDVYNIZYAxuxnTvpJlX56JdemN8QQ2oI5nWE0R9z6FQB0jOZ+YpjBostZVEGJw4zy+zkBPNnH4Qwb17uJnh86Q+jpmArEaSsUAHRcNXnw8K\/O+Ts8tmej59zDGSVwnClyKZAxczipMLgHBdqkAKCTqC3+VKrXJ1rc8xlkSDW7JevFuOPsXMKQbHiVfJYIjltQoA0KADpdaol7Mf\/13z+UiWSGDL+G+1i8S2Y8lXxqh8zR8DxNeJn5m+5R8RQKtEYBQKc1VQVDocBkKADoTEY9ohRQoDUKADqtqSoYCgUmQwFAZzLqEaWAAq1RANBpTVXBUCgwGQoAOpNRjygFFGiNAoBOa6oKhkKByVAA0JmMekQpoEBrFAB0WlNVMBQKTIYCgE5FPWIv8wphcBsKDKkAoOME5J8+YC9zJwouocAIFQB0jJgMHOxlbgTBKRQYgwKATiaqB44uvm73wMJe5mNogUhy6hQAdLIqt3Dh9XL0zy++zs\/41+Zt\/PMLum9OrtMTlk31y2lULxZmF5QPcYtfyeuv5bOj5Jet85z\/kt6E4eeyGmLq1\/Xp5Vx1mVe7TY\/eS5Vhs6zMmNmZKr\/kf5jilUbSmrSxDTTBZkBnKvYyTznZEp06dJqWTCu0S2ukHDa964SFjknMnIZ0vSObAMRpKGgq4OJWUMxjCyS2xhsSZutN2zKUbOgTLt00yW3AyboUAHSmYS9zv7ZyqonkTph+V++vp5NIuI+FyMSxba8jt0XTS9tEGaxmD+3oDp1SepxuAm4cTtej5iB5vKr81T4c16MAoNO0vcyloeuQY1TbCvfujRSNJu1gg0JHhnQWKEVG2Znt5ehDBwQPgyyY2iTQsrCwPZ1uwM2hwgmmyx2y6vZMbcaxXwUAnSbtZS5OoMMMrsIAC\/vuO+i2wjpMSA+RbHNJO5g6uA0ZzrsALXLqcky5UwEU6WUISNL2FM+zFReT0Olim2Ru0q6yw4erKAZu968AoGO2Fd7YvcyDA5Sg0NUZaH27QWRDHZ7otfMdcXMxjmgeSI8lNfmb3SunFxy+VB6TZl+9i0NuyCPxOe0CzlU9HZnQjmAUZR4uRN\/DNLt9\/ZokUsOtPhQAdAx0dJcHe6xvL\/OKd+UEdDwAujt2ohVwmgyL5LCnGjrpfNJ2i429HF4g2GWCObMzBlrZvirozM6FsOlyqi5ZmK62lvPU2DiuXwFAp1F7mRfv3nlVRtAJDm6dqHrYk6eQPqmc60g7WHU+CehUph2bIrBIgi8Ll0pHgZnsdal+tgzBvjQwQz4CyG52dJ3vicuEq94KADqN2cs8OIp3juhdPAJQ4TA+Tu9q5xDsjOqkNoZ12OJ+\/9BJl6NISc\/S+ehTOaagEwUIF5FGISKdssMlSad6+AToJEQd4y1ApzF7mesWNGa4kTlLPpHsnTB71+8JHY7n3snLjqqtLA2DfqFTna6mnx19WdxjuewnjG7dEw2PEmXItIqHaiFTQCcl\/vjuATqZtvwtYzuXo+e6oV4de5mzKeK0OnRgR3K9m+h539sKZ8MyTZePkZPaBpZwWP7KyqGqPdPN8EogoR\/3J44WfK5c1oL8fJTQycqQmkQHdHLFazkBdIzMfkthBk\/de5kbc+RUIGOd1QfANRRomQKAjqswD55R72U+tm2FK3sZqXkbV2hcQoEaFQB0EmKPcy\/zRHb5rWjoJEMhACMXBycTowCg06Uq697LvIspeAQFJkYBQGdiqhIFgQLtUADQaUc9wUooMDEKADoTU5UoCBRohwKATjvqCVZCgYlRANCZmKpEQaBAOxQAdNpRT7ASCkyMAoDOxFQlCgIF2qEAoNOOeoKVUGBiFAB0KqoS2wpXCIPbUGBIBQAdJyC2FXaC4BIKjFgBQMcI6nf51OUt9Mi\/ycIfFIACwykA6GT6eeBgW+HhGhZiQ4EqBQCdTJlp2Fa4qhHgPhSoUwFAZyq2Fa6zSfWZl6z\/Y5Zm7TMagrVfAUBnGrYVbmI7BXSaWCu12AToNG1b4VqqvQGZADoNqISNMQHQqX1b4bDw+bZTZ2SbFNn0TreCyXYsqNqZ0q8smNoFQhYZNwuw57sfiJP7lQjVlqWs9YXrYFO3xdt9Y43jadnyvDm45K+Lte+gU3OnadsWM7ySsh+mOR9OTdNF67efprlTO2SzwFT5C8t0wXhvm0lQAvtF641NJk9ZID\/X1YbRfIqcSzuX9lE2G3vSzwEds8NnPdsKqxMUAMhBke\/QEBqydSoJkz\/nZunDZOnaRdwzBw7OH57bNAMI1IHKz3vvksB2lPNVOObQiewwcUrQcaATZy100nSjMlR6qMKkiF\/SrGSX7sahmuh1vBtqsEPD9Aud7mWrLMYEPgB0DHT0+zj2OPpthcvOHZzfOkfW2BUg4hzxc2mL7JQKIn03dY1UHCRLR841vL6Lax42LU1D8lXn0pvumMw3lFGhk4SXT1vS8WWMtYqd3dlRuvRQDgGsBkm73G6e6TwtaOy5GhGXn\/oom8achiOgU\/u2wrEjSSPzDpgCgu0VaMs08awz6WM5WphIeHXs2DGCc+nwxx41fJRqfpHO16adKC\/HNrbndibKyGDQnk06r9wUd5KCAW9+paCusMvt8ZXO05YvlY99nuXZo2zO+Im+BHRq31Y40di9A6agY3ooeYs08cQ5tNeSB7BOxjeNM5i48oTnSVJ52LQS5+l8TT42Txvf5R96A+Ve1biho70xa1rvPG35AB2rXT\/ngE7t2woPAB1x0ESPI3\/Xrn439VDQaz5qD0IaigwByk7fsxEl48WOmBzG+Hj+WjK2zp0NOfsGY2yDlkPLz9dJuxwkJXwpT05b6yO2MeTj8u6jbGrfNBwBnayW69tWeADoqINEjd817MxZNtveThJWwWG2bVen0WYe7Iri82S1TU+DRsdghwWYOPOWrZT3IsTpbH4hzmY75JAwiQlbU+Y0ACJjzEUiD6+HXBs7tYfp89xSDPE4Aw8ruTZx0uXvXjZj+MSfAjqmiv3unjyhPPpthQeDTt7Y849tY2cJxcjAkYexjl4U1DtJ8UQdVed00vGL8HoWx5udC3bk0OFgChWxTT8aNz0r7Q34cJpFAgjmUeI02DQ7521zQTPwVH1NQEGnH9Onv87g83Dl76NszqqJvgR0XPV68Ix6W2GX3YReshP2C6xMAnXMkSmi0BkuQYWO\/3bPulIdednWlXvjAgM6iSrZqG2FE6Y04pY4Xt570l6Q+96JsbS6J2UC+dMBHLO7XYCOl7gp14BOl5rAtsJdxMkfxUMLGX70nAfKIxcnA0CniJw6A3RSqjThHqDThFqADVBgihQAdKaoslFUKNAEBQCdJtQCbIACU6QAoDNFlY2iQoEmKADoNKEWYAMUmCIFAJ0pqmwUFQo0QQFApwm1ABugwBQpAOhMUWWjqFCgCQoAOk2oBdgABaZIAUBniiobRYUCTVAA0GlCLcAGKDBFCgA6U1TZKCoUaIICgE4TagE2QIEpUgDQmaLKRlGhQBMUAHSaUAuwAQpMkQKAzhRVNooKBZqgAKDThFqADVBgihQAdKaoslFUKNAEBTad\/+1FwgsaoA2gDdTVBtDTaQL6YQMUmCIFAJ0pqmwUFQo0QYH\/B9UlsvEsNl\/qAAAAAElFTkSuQmCC\" alt=\"\"\/><\/p>\n<p>_ga de google analytics&nbsp;<\/p><p>Moove_gdpr del propio plugin que permite \u00b4configurar dichas cookies.<\/p><p>Estas cookies solo aparecer\u00e1n si acepta las condiciones, e incluso podr\u00e1n ser modificada esta opci\u00f3n con el bot\u00f3n de opciones que aparecer\u00e1 en la parte inferior derecha de la p\u00e1gina.<\/p>\n<\/div>\n<h3>&nbsp;<\/h3>\t\t\t\t\t\t\t\t<\/div>\n\t\t\t\t<\/div>\n\t\t\t\t\t<\/div>\n\t\t<\/div>\n\t\t\t\t\t<\/div>\n\t\t<\/section>\n\t\t\t\t<\/div>\n\t\t","protected":false},"excerpt":{"rendered":"<p>https:\/ utiliza cookies con la finalidad de prestarle una mejor experiencia en su navegaci\u00f3n. Asimismo, en caso de que preste su consentimiento, utilizaremos cookies que nos permitan obtener m\u00e1s informaci\u00f3n acerca de sus preferencias y personalizar nuestro Sitio Web de conformidad con sus intereses individuales, para que tenga una navegaci\u00f3n m\u00e1s fluida y personalizada. Desde [&hellip;]<\/p>\n","protected":false},"author":3,"featured_media":0,"parent":0,"menu_order":0,"comment_status":"closed","ping_status":"closed","template":"","meta":{"footnotes":""},"class_list":["post-1524","page","type-page","status-publish","hentry","entry"],"_links":{"self":[{"href":"https:\/\/centromeditest.com\/es\/wp-json\/wp\/v2\/pages\/1524","targetHints":{"allow":["GET"]}}],"collection":[{"href":"https:\/\/centromeditest.com\/es\/wp-json\/wp\/v2\/pages"}],"about":[{"href":"https:\/\/centromeditest.com\/es\/wp-json\/wp\/v2\/types\/page"}],"author":[{"embeddable":true,"href":"https:\/\/centromeditest.com\/es\/wp-json\/wp\/v2\/users\/3"}],"replies":[{"embeddable":true,"href":"https:\/\/centromeditest.com\/es\/wp-json\/wp\/v2\/comments?post=1524"}],"version-history":[{"count":19,"href":"https:\/\/centromeditest.com\/es\/wp-json\/wp\/v2\/pages\/1524\/revisions"}],"predecessor-version":[{"id":1692,"href":"https:\/\/centromeditest.com\/es\/wp-json\/wp\/v2\/pages\/1524\/revisions\/1692"}],"wp:attachment":[{"href":"https:\/\/centromeditest.com\/es\/wp-json\/wp\/v2\/media?parent=1524"}],"curies":[{"name":"wp","href":"https:\/\/api.w.org\/{rel}","templated":true}]}}