{"id":122,"date":"2016-02-15T07:57:07","date_gmt":"2016-02-15T07:57:07","guid":{"rendered":"http:\/\/lanzitek.com\/?page_id=122"},"modified":"2025-09-18T11:42:44","modified_gmt":"2025-09-18T09:42:44","slug":"certificados-medicos-oficiales","status":"publish","type":"page","link":"https:\/\/centromeditest.com\/es\/certificados-medicos-oficiales\/","title":{"rendered":"Otros certificados"},"content":{"rendered":"\t\t<div data-elementor-type=\"wp-page\" data-elementor-id=\"122\" class=\"elementor elementor-122\">\n\t\t\t\t<div class=\"elementor-element elementor-element-d2a2b4d e-con-full e-flex e-con e-parent\" data-id=\"d2a2b4d\" data-element_type=\"container\">\n\t\t<div class=\"elementor-element elementor-element-ffe54f0 e-con-full e-flex e-con e-child\" data-id=\"ffe54f0\" data-element_type=\"container\">\n\t\t\t\t<div class=\"elementor-element elementor-element-c4bf09d elementor-widget__width-inherit elementor-invisible elementor-widget elementor-widget-image\" data-id=\"c4bf09d\" data-element_type=\"widget\" data-settings=\"{&quot;_animation&quot;:&quot;zoomIn&quot;}\" data-widget_type=\"image.default\">\n\t\t\t\t<div class=\"elementor-widget-container\">\n\t\t\t\t\t\t\t\t\t\t\t\t\t\t\t<img fetchpriority=\"high\" decoding=\"async\" width=\"415\" height=\"277\" src=\"https:\/\/centromeditest.com\/wp-content\/uploads\/foto-otros-1.jpg\" class=\"attachment-medium_large size-medium_large wp-image-1054\" alt=\"\" srcset=\"https:\/\/centromeditest.com\/wp-content\/uploads\/foto-otros-1.jpg 415w, https:\/\/centromeditest.com\/wp-content\/uploads\/foto-otros-1-300x200.jpg 300w\" sizes=\"(max-width: 415px) 100vw, 415px\" \/>\t\t\t\t\t\t\t\t\t\t\t\t\t\t\t<\/div>\n\t\t\t\t<\/div>\n\t\t\t\t<\/div>\n\t\t<div class=\"elementor-element elementor-element-04f0567 e-con-full e-flex e-con e-child\" data-id=\"04f0567\" data-element_type=\"container\">\n\t\t\t\t<div class=\"elementor-element elementor-element-f6213e6 elementor-widget elementor-widget-text-editor\" data-id=\"f6213e6\" data-element_type=\"widget\" data-widget_type=\"text-editor.default\">\n\t\t\t\t<div class=\"elementor-widget-container\">\n\t\t\t\t\t\t\t\t\t\n<h2>Te hacemos el reconocimiento m\u00e9dico y\u00a0<strong>al momento <\/strong>te damos el certificado.<\/h2>\nPor favor, solic\u00edtanos cita previa en el 943 31 61 20 o en meditest@centromeditest.com\n\t\t\t\t\t\t\t\t<\/div>\n\t\t\t\t<\/div>\n\t\t\t\t<\/div>\n\t\t\t\t<\/div>\n\t\t\t\t<section class=\"elementor-section elementor-top-section elementor-element elementor-element-7fd3f2a elementor-section-boxed elementor-section-height-default elementor-section-height-default\" data-id=\"7fd3f2a\" data-element_type=\"section\">\n\t\t\t\t\t\t<div class=\"elementor-container elementor-column-gap-default\">\n\t\t\t\t\t<div class=\"elementor-column elementor-col-100 elementor-top-column elementor-element elementor-element-83f764d\" data-id=\"83f764d\" data-element_type=\"column\">\n\t\t\t<div class=\"elementor-widget-wrap elementor-element-populated\">\n\t\t\t\t\t\t<div class=\"elementor-element elementor-element-ae3614a elementor-widget elementor-widget-text-editor\" data-id=\"ae3614a\" data-element_type=\"widget\" data-widget_type=\"text-editor.default\">\n\t\t\t\t<div class=\"elementor-widget-container\">\n\t\t\t\t\t\t\t\t\t<p><\/p><div class=\"azul\" style=\"background: #eee; border: 1px solid #ccc; padding: 5px 10px;\"><span style=\"font-size: 24px;\"><strong style=\"font-size: 16px;\">DOCUMENTACI\u00d3N NECESARIA<\/strong><\/span><\/div><p><\/p>\t\t\t\t\t\t\t\t<\/div>\n\t\t\t\t<\/div>\n\t\t\t\t\t<\/div>\n\t\t<\/div>\n\t\t\t\t\t<\/div>\n\t\t<\/section>\n\t\t\t\t<section class=\"elementor-section elementor-top-section elementor-element elementor-element-2d11c0b2 elementor-section-boxed elementor-section-height-default elementor-section-height-default\" data-id=\"2d11c0b2\" data-element_type=\"section\">\n\t\t\t\t\t\t<div class=\"elementor-container elementor-column-gap-default\">\n\t\t\t\t\t<div class=\"elementor-column elementor-col-100 elementor-top-column elementor-element elementor-element-16d9b716\" data-id=\"16d9b716\" data-element_type=\"column\">\n\t\t\t<div class=\"elementor-widget-wrap elementor-element-populated\">\n\t\t\t\t\t\t<div class=\"elementor-element elementor-element-77ca2a92 elementor-widget elementor-widget-text-editor\" data-id=\"77ca2a92\" data-element_type=\"widget\" data-widget_type=\"text-editor.default\">\n\t\t\t\t<div class=\"elementor-widget-container\">\n\t\t\t\t\t\t\t\t\t<p><span style=\"font-size: 20px; color: #0099cc;\">\u25ba<\/span><span style=\"font-size: 20px;\">D.N.I, N.I.E o pasaporte.<\/span><\/p><p><span style=\"font-size: 20px;\">\u00a0<\/span><\/p><h4><strong>Expedimos los certificados m\u00e9dicos oficiales exigidos para :<\/strong><\/h4><p><span style=\"color: #0099cc;\">\u25ba<\/span>Operador de gr\u00faa torre y gr\u00faa autopropulsada.<\/p><p>Si necesitas un <strong>certificado m\u00e9dico oficial<\/strong> para el carnet de operador de <strong>gr\u00faa torre o autopropulsada,<\/strong>\u00a0ponte en contacto con nosotros.<\/p><p><span style=\"font-size: 20px;\"><br \/><\/span><\/p>\t\t\t\t\t\t\t\t<\/div>\n\t\t\t\t<\/div>\n\t\t\t\t\t<\/div>\n\t\t<\/div>\n\t\t\t\t\t<\/div>\n\t\t<\/section>\n\t\t\t\t<section class=\"elementor-section elementor-top-section elementor-element elementor-element-950fb99 elementor-section-boxed elementor-section-height-default elementor-section-height-default\" data-id=\"950fb99\" data-element_type=\"section\">\n\t\t\t\t\t\t<div class=\"elementor-container elementor-column-gap-default\">\n\t\t\t\t\t<div class=\"elementor-column elementor-col-33 elementor-top-column elementor-element elementor-element-0c01a63\" data-id=\"0c01a63\" data-element_type=\"column\">\n\t\t\t<div class=\"elementor-widget-wrap elementor-element-populated\">\n\t\t\t\t\t\t\t<\/div>\n\t\t<\/div>\n\t\t\t\t<div class=\"elementor-column elementor-col-33 elementor-top-column elementor-element elementor-element-7f0651b\" data-id=\"7f0651b\" data-element_type=\"column\">\n\t\t\t<div class=\"elementor-widget-wrap elementor-element-populated\">\n\t\t\t\t\t\t<div class=\"elementor-element elementor-element-6b50db7 elementor-widget elementor-widget-text-editor\" data-id=\"6b50db7\" data-element_type=\"widget\" data-widget_type=\"text-editor.default\">\n\t\t\t\t<div class=\"elementor-widget-container\">\n\t\t\t\t\t\t\t\t\t<p><\/p><h4 style=\"text-align: center;\"><b>Nos encontrar\u00e1s en<\/b>:<\/h4><p style=\"text-align: center;\">Manuel Lekuona kalea, 11 Bajo<\/p><p style=\"text-align: center;\">20018-DONOSTIA, Gipuzkoa<\/p><p style=\"text-align: center;\"><i class=\"fas fa-phone\"> <\/i>+(34) 943316120<\/p><p style=\"text-align: center;\"><i class=\"far fa-envelope\"><\/i> meditest@centromeditest.com<\/p><p>\u00a0<\/p>\t\t\t\t\t\t\t\t<\/div>\n\t\t\t\t<\/div>\n\t\t\t\t\t<\/div>\n\t\t<\/div>\n\t\t\t\t<div class=\"elementor-column elementor-col-33 elementor-top-column elementor-element elementor-element-40cfa0a\" data-id=\"40cfa0a\" data-element_type=\"column\">\n\t\t\t<div class=\"elementor-widget-wrap\">\n\t\t\t\t\t\t\t<\/div>\n\t\t<\/div>\n\t\t\t\t\t<\/div>\n\t\t<\/section>\n\t\t<div class=\"elementor-element elementor-element-e4b63fd e-grid e-con-boxed e-con e-parent\" data-id=\"e4b63fd\" data-element_type=\"container\">\n\t\t\t\t\t<div class=\"e-con-inner\">\n\t\t\t\t<div class=\"elementor-element elementor-element-9affc1a elementor-widget elementor-widget-text-editor\" data-id=\"9affc1a\" data-element_type=\"widget\" data-widget_type=\"text-editor.default\">\n\t\t\t\t<div class=\"elementor-widget-container\">\n\t\t\t\t\t\t\t\t\t<p><\/p>\t\t\t\t\t\t\t\t<\/div>\n\t\t\t\t<\/div>\n\t\t\t\t\t<\/div>\n\t\t\t\t<\/div>\n\t\t<div class=\"elementor-element elementor-element-57ac2dd e-grid e-con-boxed e-con e-parent\" data-id=\"57ac2dd\" data-element_type=\"container\">\n\t\t\t\t\t<div class=\"e-con-inner\">\n\t\t\t\t<div class=\"elementor-element elementor-element-1a4474aa elementor-widget elementor-widget-html\" data-id=\"1a4474aa\" data-element_type=\"widget\" data-widget_type=\"html.default\">\n\t\t\t\t<div class=\"elementor-widget-container\">\n\t\t\t\t\t<p style=\"text-align: center;\">\n    <!-- Bot\u00f3n \"Reservar online\" -->\n    <button class=\"custom-booking-button\" onclick=\"window.location.href='\/Reserva'\">\n        <!-- SVG Calendar Icon -->\n        <svg class=\"w-8 h-8 mr-2\" fill=\"currentColor\" viewBox=\"0 0 24 24\" xmlns=\"http:\/\/www.w3.org\/2000\/svg\">\n            <rect x=\"3\" y=\"5\" width=\"18\" height=\"16\" rx=\"2\" ry=\"2\" stroke=\"currentColor\" stroke-width=\"2\" fill=\"none\"\/>\n            <path d=\"M7 2v3M17 2v3M3 9h18\"\/>\n            <circle cx=\"8\" cy=\"14\" r=\"1.5\"\/>\n            <circle cx=\"12\" cy=\"14\" r=\"1.5\"\/>\n            <circle cx=\"16\" cy=\"14\" r=\"1.5\"\/>\n            <circle cx=\"8\" cy=\"18\" r=\"1.5\"\/>\n            <circle cx=\"12\" cy=\"18\" r=\"1.5\"\/>\n            <circle cx=\"16\" cy=\"18\" r=\"1.5\"\/>\n        <\/svg>\n        Reservar online\n    <\/button>\n    \t\t\t\t<\/div>\n\t\t\t\t<\/div>\n\t\t\t\t<div class=\"elementor-element elementor-element-7f4ce99e elementor-widget elementor-widget-html\" data-id=\"7f4ce99e\" data-element_type=\"widget\" data-widget_type=\"html.default\">\n\t\t\t\t<div class=\"elementor-widget-container\">\n\t\t\t\t\t<!-- Nuevo bot\u00f3n \"Pedir cita\" -->\n    <button class=\"custom-booking-button\" onclick=\"window.location.href='\/contacto'\">\n        <!-- SVG Calendar Icon (igual que el anterior) -->\n        <svg class=\"w-8 h-8 mr-2\" fill=\"currentColor\" viewBox=\"0 0 24 24\" xmlns=\"http:\/\/www.w3.org\/2000\/svg\">\n            <rect x=\"3\" y=\"5\" width=\"18\" height=\"16\" rx=\"2\" ry=\"2\" stroke=\"currentColor\" stroke-width=\"2\" fill=\"none\"\/>\n            <path d=\"M7 2v3M17 2v3M3 9h18\"\/>\n            <circle cx=\"8\" cy=\"14\" r=\"1.5\"\/>\n            <circle cx=\"12\" cy=\"14\" r=\"1.5\"\/>\n            <circle cx=\"16\" cy=\"14\" r=\"1.5\"\/>\n            <circle cx=\"8\" cy=\"18\" r=\"1.5\"\/>\n            <circle cx=\"12\" cy=\"18\" r=\"1.5\"\/>\n            <circle cx=\"16\" cy=\"18\" r=\"1.5\"\/>\n        <\/svg>\n        Pedir cita\n    <\/button>\n<\/p>\t\t\t\t<\/div>\n\t\t\t\t<\/div>\n\t\t\t\t\t<\/div>\n\t\t\t\t<\/div>\n\t\t\t\t<\/div>\n\t\t","protected":false},"excerpt":{"rendered":"<p>Te hacemos el reconocimiento m\u00e9dico y\u00a0al momento te damos el certificado. Por favor, solic\u00edtanos cita previa en el 943 31 61 20 o en meditest@centromeditest.com DOCUMENTACI\u00d3N NECESARIA \u25baD.N.I, N.I.E o pasaporte. \u00a0 Expedimos los certificados m\u00e9dicos oficiales exigidos para : \u25baOperador de gr\u00faa torre y gr\u00faa autopropulsada. Si necesitas un certificado m\u00e9dico oficial para el [&hellip;]<\/p>\n","protected":false},"author":3,"featured_media":0,"parent":0,"menu_order":0,"comment_status":"closed","ping_status":"closed","template":"","meta":{"footnotes":""},"class_list":["post-122","page","type-page","status-publish","hentry","entry"],"_links":{"self":[{"href":"https:\/\/centromeditest.com\/es\/wp-json\/wp\/v2\/pages\/122","targetHints":{"allow":["GET"]}}],"collection":[{"href":"https:\/\/centromeditest.com\/es\/wp-json\/wp\/v2\/pages"}],"about":[{"href":"https:\/\/centromeditest.com\/es\/wp-json\/wp\/v2\/types\/page"}],"author":[{"embeddable":true,"href":"https:\/\/centromeditest.com\/es\/wp-json\/wp\/v2\/users\/3"}],"replies":[{"embeddable":true,"href":"https:\/\/centromeditest.com\/es\/wp-json\/wp\/v2\/comments?post=122"}],"version-history":[{"count":129,"href":"https:\/\/centromeditest.com\/es\/wp-json\/wp\/v2\/pages\/122\/revisions"}],"predecessor-version":[{"id":2660,"href":"https:\/\/centromeditest.com\/es\/wp-json\/wp\/v2\/pages\/122\/revisions\/2660"}],"wp:attachment":[{"href":"https:\/\/centromeditest.com\/es\/wp-json\/wp\/v2\/media?parent=122"}],"curies":[{"name":"wp","href":"https:\/\/api.w.org\/{rel}","templated":true}]}}