{"id":120,"date":"2016-02-15T07:55:28","date_gmt":"2016-02-15T07:55:28","guid":{"rendered":"http:\/\/lanzitek.com\/?page_id=120"},"modified":"2025-09-18T11:43:57","modified_gmt":"2025-09-18T09:43:57","slug":"animales-potencialmente-peligrosos","status":"publish","type":"page","link":"https:\/\/centromeditest.com\/es\/animales-potencialmente-peligrosos\/","title":{"rendered":"Animales potencialmente peligrosos"},"content":{"rendered":"\t\t<div data-elementor-type=\"wp-page\" data-elementor-id=\"120\" class=\"elementor elementor-120\">\n\t\t\t\t\t\t<section class=\"elementor-section elementor-top-section elementor-element elementor-element-444003e elementor-section-full_width elementor-section-height-default elementor-section-height-default\" data-id=\"444003e\" data-element_type=\"section\">\n\t\t\t\t\t\t<div class=\"elementor-container elementor-column-gap-default\">\n\t\t\t\t\t<div class=\"elementor-column elementor-col-33 elementor-top-column elementor-element elementor-element-b8bda09\" data-id=\"b8bda09\" data-element_type=\"column\">\n\t\t\t<div class=\"elementor-widget-wrap elementor-element-populated\">\n\t\t\t\t\t\t<div class=\"elementor-element elementor-element-86ddf8f elementor-widget__width-inherit elementor-invisible elementor-widget elementor-widget-image\" data-id=\"86ddf8f\" data-element_type=\"widget\" data-settings=\"{&quot;_animation&quot;:&quot;zoomIn&quot;}\" data-widget_type=\"image.default\">\n\t\t\t\t<div class=\"elementor-widget-container\">\n\t\t\t\t\t\t\t\t\t\t\t\t\t\t\t<img fetchpriority=\"high\" decoding=\"async\" width=\"415\" height=\"277\" src=\"https:\/\/centromeditest.com\/wp-content\/uploads\/foto-animales-1.jpg\" class=\"attachment-large size-large wp-image-1014\" alt=\"\" srcset=\"https:\/\/centromeditest.com\/wp-content\/uploads\/foto-animales-1.jpg 415w, https:\/\/centromeditest.com\/wp-content\/uploads\/foto-animales-1-300x200.jpg 300w\" sizes=\"(max-width: 415px) 100vw, 415px\" \/>\t\t\t\t\t\t\t\t\t\t\t\t\t\t\t<\/div>\n\t\t\t\t<\/div>\n\t\t\t\t\t<\/div>\n\t\t<\/div>\n\t\t\t\t<div class=\"elementor-column elementor-col-66 elementor-top-column elementor-element elementor-element-c4db83f\" data-id=\"c4db83f\" data-element_type=\"column\">\n\t\t\t<div class=\"elementor-widget-wrap elementor-element-populated\">\n\t\t\t\t\t\t<div class=\"elementor-element elementor-element-a92ec7d elementor-widget elementor-widget-text-editor\" data-id=\"a92ec7d\" data-element_type=\"widget\" data-widget_type=\"text-editor.default\">\n\t\t\t\t<div class=\"elementor-widget-container\">\n\t\t\t\t\t\t\t\t\t<h2>Si tienes Animales potencialmente peligrosos, te hacemos el reconocimiento m\u00e9dico-psicot\u00e9cnico, la fotograf\u00eda y\u00a0\u00a0<strong>al momento<\/strong>, te damos el certificado.<\/h2>\nPor favor, solic\u00edtanos cita previa en el 943 31 61 20 o en meditest@centromeditest.com\n\t\t\t\t\t\t\t\t<\/div>\n\t\t\t\t<\/div>\n\t\t\t\t\t<\/div>\n\t\t<\/div>\n\t\t\t\t\t<\/div>\n\t\t<\/section>\n\t\t\t\t<section class=\"elementor-section elementor-top-section elementor-element elementor-element-dd3652d elementor-section-boxed elementor-section-height-default elementor-section-height-default\" data-id=\"dd3652d\" data-element_type=\"section\">\n\t\t\t\t\t\t<div class=\"elementor-container elementor-column-gap-default\">\n\t\t\t\t\t<div class=\"elementor-column elementor-col-100 elementor-top-column elementor-element elementor-element-429ccbbb\" data-id=\"429ccbbb\" data-element_type=\"column\">\n\t\t\t<div class=\"elementor-widget-wrap elementor-element-populated\">\n\t\t\t\t\t\t<div class=\"elementor-element elementor-element-11ca48fb elementor-widget elementor-widget-text-editor\" data-id=\"11ca48fb\" data-element_type=\"widget\" data-widget_type=\"text-editor.default\">\n\t\t\t\t<div class=\"elementor-widget-container\">\n\t\t\t\t\t\t\t\t\t\n<div class=\"azul\" style=\"background: #eee; border: 1px solid #ccc; padding: 5px 10px;\"><span style=\"font-size: 24px;\"><strong style=\"font-size: 16px;\">DOCUMENTACI\u00d3N NECESARIA<\/strong><\/span><\/div>\n\t\t\t\t\t\t\t\t<\/div>\n\t\t\t\t<\/div>\n\t\t\t\t\t<\/div>\n\t\t<\/div>\n\t\t\t\t\t<\/div>\n\t\t<\/section>\n\t\t\t\t<section class=\"elementor-section elementor-top-section elementor-element elementor-element-de9f116 elementor-section-boxed elementor-section-height-default elementor-section-height-default\" data-id=\"de9f116\" data-element_type=\"section\">\n\t\t\t\t\t\t<div class=\"elementor-container elementor-column-gap-default\">\n\t\t\t\t\t<div class=\"elementor-column elementor-col-50 elementor-top-column elementor-element elementor-element-ff78c93\" data-id=\"ff78c93\" data-element_type=\"column\">\n\t\t\t<div class=\"elementor-widget-wrap elementor-element-populated\">\n\t\t\t\t\t\t<div class=\"elementor-element elementor-element-768e48f elementor-widget elementor-widget-text-editor\" data-id=\"768e48f\" data-element_type=\"widget\" data-widget_type=\"text-editor.default\">\n\t\t\t\t<div class=\"elementor-widget-container\">\n\t\t\t\t\t\t\t\t\t<p style=\"padding-left: 40px;\"><\/p><div class=\"rt-container\"><div class=\"rt-grid-9 paginas\"><p><span style=\"color: #0099cc;\">\u25ba<\/span>D.N.I o N.I.E<\/p><p><span style=\"color: #0099cc;\">\u25ba<\/span>No hace falta que traigas fotograf\u00edas, te la hacemos sin coste adicional.<\/p><h4>\u00a0<\/h4><\/div><\/div><p><\/p>\t\t\t\t\t\t\t\t<\/div>\n\t\t\t\t<\/div>\n\t\t\t\t\t<\/div>\n\t\t<\/div>\n\t\t\t\t<div class=\"elementor-column elementor-col-50 elementor-top-column elementor-element elementor-element-f22b05a\" data-id=\"f22b05a\" data-element_type=\"column\">\n\t\t\t<div class=\"elementor-widget-wrap elementor-element-populated\">\n\t\t\t\t\t\t<div class=\"elementor-element elementor-element-85344e0 elementor-widget elementor-widget-text-editor\" data-id=\"85344e0\" data-element_type=\"widget\" data-widget_type=\"text-editor.default\">\n\t\t\t\t<div class=\"elementor-widget-container\">\n\t\t\t\t\t\t\t\t\t<p><\/p><div class=\"rt-container\"><div class=\"rt-grid-9 paginas\"><div class=\"azul\"><strong style=\"color: #149509; font-size: 20px; letter-spacing: 1.8px; text-transform: uppercase;\">DOCUMENTACI\u00d3N QUE HAY QUE PRESENTAR EN EL AYUNTAMIENTO<\/strong><\/div><p><span style=\"color: #0099cc;\">\u25ba<\/span>DNI y fotocopia<\/p><p><span style=\"color: #0099cc;\">\u25ba<\/span>Fotograf\u00eda de carnet en color<\/p><p><span style=\"color: #0099cc;\">\u25ba<\/span>Certificado m\u00e9dico y psicot\u00e9cnico<\/p><p><span style=\"color: #0099cc;\">\u25ba<\/span>Pago de tasa municipal<\/p><p><span style=\"color: #0099cc;\">\u25ba<\/span>Declaraci\u00f3n de no haber sido sancionado seg\u00fan el apartado 3 del art. 13 de la Ley 50\/1999<\/p><p><span style=\"color: #0099cc;\">\u25ba<\/span>Certificado negativo de antecedentes penales (autorizar al Ayuntamiento para que lo solicite)<\/p><h4><span style=\"font-size: 20px; color: #000000;\"><\/span><\/h4><\/div><\/div>\t\t\t\t\t\t\t\t<\/div>\n\t\t\t\t<\/div>\n\t\t\t\t\t<\/div>\n\t\t<\/div>\n\t\t\t\t\t<\/div>\n\t\t<\/section>\n\t\t\t\t<section class=\"elementor-section elementor-top-section elementor-element elementor-element-396a2e9 elementor-section-boxed elementor-section-height-default elementor-section-height-default\" data-id=\"396a2e9\" data-element_type=\"section\">\n\t\t\t\t\t\t<div class=\"elementor-container elementor-column-gap-default\">\n\t\t\t\t\t<div class=\"elementor-column elementor-col-50 elementor-top-column elementor-element elementor-element-ac01908\" data-id=\"ac01908\" data-element_type=\"column\">\n\t\t\t<div class=\"elementor-widget-wrap elementor-element-populated\">\n\t\t\t\t\t\t\t<\/div>\n\t\t<\/div>\n\t\t\t\t<div class=\"elementor-column elementor-col-50 elementor-top-column elementor-element elementor-element-bba1041\" data-id=\"bba1041\" data-element_type=\"column\">\n\t\t\t<div class=\"elementor-widget-wrap\">\n\t\t\t\t\t\t\t<\/div>\n\t\t<\/div>\n\t\t\t\t\t<\/div>\n\t\t<\/section>\n\t\t\t\t<section class=\"elementor-section elementor-top-section elementor-element elementor-element-3327728 elementor-section-boxed elementor-section-height-default elementor-section-height-default\" data-id=\"3327728\" data-element_type=\"section\">\n\t\t\t\t\t\t<div class=\"elementor-container elementor-column-gap-default\">\n\t\t\t\t\t<div class=\"elementor-column elementor-col-100 elementor-top-column elementor-element elementor-element-19f5f10\" data-id=\"19f5f10\" data-element_type=\"column\">\n\t\t\t<div class=\"elementor-widget-wrap elementor-element-populated\">\n\t\t\t\t\t\t<div class=\"elementor-element elementor-element-c0d707d elementor-widget elementor-widget-text-editor\" data-id=\"c0d707d\" data-element_type=\"widget\" data-widget_type=\"text-editor.default\">\n\t\t\t\t<div class=\"elementor-widget-container\">\n\t\t\t\t\t\t\t\t\t<p><\/p><div class=\"rt-container\"><div class=\"rt-grid-9 paginas\"><h4><strong style=\"color: #149509; font-size: 20px; letter-spacing: 1.8px; text-transform: uppercase;\">PERROS CONSIDERADOS POTENCIALMENTE PELIGROSOS: <\/strong><span style=\"color: #149509; font-size: 20px; font-weight: 400; letter-spacing: 1.8px; text-transform: uppercase;\"> \u2022<\/span><\/h4><p>Pit Bull Terrier \u2022 Staffordshire Bull Terrier \u2022 American Staffodshire Terrier \u2022 Rotweiler \u2022 Dogo Argentino \u2022 Fila Brasilero \u2022 Tosa Inu \u2022 Akita Inu \u2022<\/p><p>Se incluyen tambi\u00e9n los cruces de las razas anteriores y los perros que tengan las caracter\u00edsticas que se indican en el art. 10 del Decreto 101\/2004, de 1 de junio, sobre tenencia de animales de la especie canina en la Comunidad del Pa\u00eds Vasco.<\/p><p>M\u00e1s informaci\u00f3n del Ayuntamiento de Donostia-San Sebasti\u00e1n en lo referente a c\u00f3mo <a href=\"http:\/\/www.donostia.eus\/info\/udalinfo\/Tramites.nsf\/vTramites\/8879CACEE3E641FFC125814500390C09?OpenDocument&amp;idioma=cas&amp;id=D580485\" target=\"_blank\" rel=\"noopener noreferrer\"><strong>obtener la licencia personal para la tenencia de animales potencialmente peligrosos, a c\u00f3mo inscribir al perro en el registro municipal de animales potencialmente peligroso e ir adelantando la tramitaci\u00f3n de penales<\/strong><\/a><\/p><\/div><div class=\"rt-grid-3\"><p>Para renovar o sacar por primera vez la licencia para adiestramiento, tenencia y manejo de animales potencialmente peligrosos (APP), ponte en contacto con nosotros.<\/p><h4>\u00a0<\/h4><\/div><\/div><p><\/p>\t\t\t\t\t\t\t\t<\/div>\n\t\t\t\t<\/div>\n\t\t\t\t\t<\/div>\n\t\t<\/div>\n\t\t\t\t\t<\/div>\n\t\t<\/section>\n\t\t\t\t<section class=\"elementor-section elementor-top-section elementor-element elementor-element-4db8a1d elementor-section-boxed elementor-section-height-default elementor-section-height-default\" data-id=\"4db8a1d\" data-element_type=\"section\">\n\t\t\t\t\t\t<div class=\"elementor-container elementor-column-gap-default\">\n\t\t\t\t\t<div class=\"elementor-column elementor-col-33 elementor-top-column elementor-element elementor-element-b5f1a99\" data-id=\"b5f1a99\" data-element_type=\"column\">\n\t\t\t<div class=\"elementor-widget-wrap elementor-element-populated\">\n\t\t\t\t\t\t\t<\/div>\n\t\t<\/div>\n\t\t\t\t<div class=\"elementor-column elementor-col-33 elementor-top-column elementor-element elementor-element-d58acea\" data-id=\"d58acea\" data-element_type=\"column\">\n\t\t\t<div class=\"elementor-widget-wrap elementor-element-populated\">\n\t\t\t\t\t\t<div class=\"elementor-element elementor-element-6433450 elementor-widget elementor-widget-text-editor\" data-id=\"6433450\" data-element_type=\"widget\" data-widget_type=\"text-editor.default\">\n\t\t\t\t<div class=\"elementor-widget-container\">\n\t\t\t\t\t\t\t\t\t<p><\/p><h4 style=\"text-align: center;\"><b>Nos encontrar\u00e1s en<\/b>:<\/h4><p style=\"text-align: center;\">Manuel Lekuona kalea, 11 Behea<\/p><p style=\"text-align: center;\">20018-DONOSTIA, Gipuzkoa<\/p><p style=\"text-align: center;\"><i> <\/i>+(34) 943316120<\/p><p style=\"text-align: center;\"><i><\/i> meditest@centromeditest.com<\/p><p><\/p>\t\t\t\t\t\t\t\t<\/div>\n\t\t\t\t<\/div>\n\t\t\t\t\t<\/div>\n\t\t<\/div>\n\t\t\t\t<div class=\"elementor-column elementor-col-33 elementor-top-column elementor-element elementor-element-d3f0bec\" data-id=\"d3f0bec\" data-element_type=\"column\">\n\t\t\t<div class=\"elementor-widget-wrap\">\n\t\t\t\t\t\t\t<\/div>\n\t\t<\/div>\n\t\t\t\t\t<\/div>\n\t\t<\/section>\n\t\t<div class=\"elementor-element elementor-element-10155ec e-flex e-con-boxed e-con e-parent\" data-id=\"10155ec\" data-element_type=\"container\">\n\t\t\t\t\t<div class=\"e-con-inner\">\n\t\t<div class=\"elementor-element elementor-element-0a74ea6 e-con-full e-flex e-con e-child\" data-id=\"0a74ea6\" data-element_type=\"container\">\n\t\t\t\t<div class=\"elementor-element elementor-element-5a96844 elementor-widget elementor-widget-html\" data-id=\"5a96844\" data-element_type=\"widget\" data-widget_type=\"html.default\">\n\t\t\t\t<div class=\"elementor-widget-container\">\n\t\t\t\t\t<!-- Bot\u00f3n \"Reservar online\" -->\r\n            <button class=\"custom-booking-button\" onclick=\"window.location.href='\/Reserva'\">\r\n                <!-- SVG Calendar Icon -->\r\n                <svg class=\"w-8 h-8 mr-2\" fill=\"currentColor\" viewBox=\"0 0 24 24\" xmlns=\"http:\/\/www.w3.org\/2000\/svg\">\r\n                    <rect x=\"3\" y=\"5\" width=\"18\" height=\"16\" rx=\"2\" ry=\"2\" stroke=\"currentColor\" stroke-width=\"2\" fill=\"none\"\/>\r\n                    <path d=\"M7 2v3M17 2v3M3 9h18\"\/>\r\n                    <circle cx=\"8\" cy=\"14\" r=\"1.5\"\/>\r\n                    <circle cx=\"12\" cy=\"14\" r=\"1.5\"\/>\r\n                    <circle cx=\"16\" cy=\"14\" r=\"1.5\"\/>\r\n                    <circle cx=\"8\" cy=\"18\" r=\"1.5\"\/>\r\n                    <circle cx=\"12\" cy=\"18\" r=\"1.5\"\/>\r\n                    <circle cx=\"16\" cy=\"18\" r=\"1.5\"\/>\r\n                <\/svg>\r\n                Reservar online\r\n            <\/button>\r\n          \t\t\t\t<\/div>\n\t\t\t\t<\/div>\n\t\t\t\t<\/div>\n\t\t<div class=\"elementor-element elementor-element-d78d679 e-con-full e-flex e-con e-child\" data-id=\"d78d679\" data-element_type=\"container\">\n\t\t\t\t<div class=\"elementor-element elementor-element-c860e04 elementor-widget elementor-widget-html\" data-id=\"c860e04\" data-element_type=\"widget\" data-widget_type=\"html.default\">\n\t\t\t\t<div class=\"elementor-widget-container\">\n\t\t\t\t\t  <!-- Nuevo bot\u00f3n \"Pedir cita\" -->\r\n            <button class=\"custom-booking-button\" onclick=\"window.location.href='\/contacto'\">\r\n                <!-- SVG Calendar Icon (igual que el anterior) -->\r\n                <svg class=\"w-8 h-8 mr-2\" fill=\"currentColor\" viewBox=\"0 0 24 24\" xmlns=\"http:\/\/www.w3.org\/2000\/svg\">\r\n                    <rect x=\"3\" y=\"5\" width=\"18\" height=\"16\" rx=\"2\" ry=\"2\" stroke=\"currentColor\" stroke-width=\"2\" fill=\"none\"\/>\r\n                    <path d=\"M7 2v3M17 2v3M3 9h18\"\/>\r\n                    <circle cx=\"8\" cy=\"14\" r=\"1.5\"\/>\r\n                    <circle cx=\"12\" cy=\"14\" r=\"1.5\"\/>\r\n                    <circle cx=\"16\" cy=\"14\" r=\"1.5\"\/>\r\n                    <circle cx=\"8\" cy=\"18\" r=\"1.5\"\/>\r\n                    <circle cx=\"12\" cy=\"18\" r=\"1.5\"\/>\r\n                    <circle cx=\"16\" cy=\"18\" r=\"1.5\"\/>\r\n                <\/svg>\r\n                Pedir cita\r\n            <\/button>\r\n        <\/p>\r\n        <p class=\"mt-4 text-gray-600 text-center\">\t\t\t\t<\/div>\n\t\t\t\t<\/div>\n\t\t\t\t<\/div>\n\t\t\t\t\t<\/div>\n\t\t\t\t<\/div>\n\t\t\t\t<\/div>\n\t\t","protected":false},"excerpt":{"rendered":"<p>Si tienes Animales potencialmente peligrosos, te hacemos el reconocimiento m\u00e9dico-psicot\u00e9cnico, la fotograf\u00eda y\u00a0\u00a0al momento, te damos el certificado. Por favor, solic\u00edtanos cita previa en el 943 31 61 20 o en meditest@centromeditest.com DOCUMENTACI\u00d3N NECESARIA \u25baD.N.I o N.I.E \u25baNo hace falta que traigas fotograf\u00edas, te la hacemos sin coste adicional. \u00a0 DOCUMENTACI\u00d3N QUE HAY QUE PRESENTAR [&hellip;]<\/p>\n","protected":false},"author":3,"featured_media":0,"parent":0,"menu_order":0,"comment_status":"closed","ping_status":"closed","template":"elementor_header_footer","meta":{"footnotes":""},"class_list":["post-120","page","type-page","status-publish","hentry","entry"],"_links":{"self":[{"href":"https:\/\/centromeditest.com\/es\/wp-json\/wp\/v2\/pages\/120","targetHints":{"allow":["GET"]}}],"collection":[{"href":"https:\/\/centromeditest.com\/es\/wp-json\/wp\/v2\/pages"}],"about":[{"href":"https:\/\/centromeditest.com\/es\/wp-json\/wp\/v2\/types\/page"}],"author":[{"embeddable":true,"href":"https:\/\/centromeditest.com\/es\/wp-json\/wp\/v2\/users\/3"}],"replies":[{"embeddable":true,"href":"https:\/\/centromeditest.com\/es\/wp-json\/wp\/v2\/comments?post=120"}],"version-history":[{"count":111,"href":"https:\/\/centromeditest.com\/es\/wp-json\/wp\/v2\/pages\/120\/revisions"}],"predecessor-version":[{"id":2663,"href":"https:\/\/centromeditest.com\/es\/wp-json\/wp\/v2\/pages\/120\/revisions\/2663"}],"wp:attachment":[{"href":"https:\/\/centromeditest.com\/es\/wp-json\/wp\/v2\/media?parent=120"}],"curies":[{"name":"wp","href":"https:\/\/api.w.org\/{rel}","templated":true}]}}