{"id":114,"date":"2016-02-15T07:50:09","date_gmt":"2016-02-15T07:50:09","guid":{"rendered":"http:\/\/lanzitek.com\/?page_id=114"},"modified":"2025-09-18T11:24:33","modified_gmt":"2025-09-18T09:24:33","slug":"licencia-de-armas","status":"publish","type":"page","link":"https:\/\/centromeditest.com\/es\/licencia-de-armas\/","title":{"rendered":"Licencia de armas"},"content":{"rendered":"\t\t<div data-elementor-type=\"wp-page\" data-elementor-id=\"114\" class=\"elementor elementor-114\">\n\t\t\t\t\t\t<section class=\"elementor-section elementor-top-section elementor-element elementor-element-d64df7c elementor-section-full_width elementor-section-height-default elementor-section-height-default\" data-id=\"d64df7c\" data-element_type=\"section\">\n\t\t\t\t\t\t<div class=\"elementor-container elementor-column-gap-default\">\n\t\t\t\t\t<div class=\"elementor-column elementor-col-33 elementor-top-column elementor-element elementor-element-49334c4\" data-id=\"49334c4\" data-element_type=\"column\">\n\t\t\t<div class=\"elementor-widget-wrap elementor-element-populated\">\n\t\t\t\t\t\t<div class=\"elementor-element elementor-element-7586ebf elementor-widget elementor-widget-image\" data-id=\"7586ebf\" data-element_type=\"widget\" data-widget_type=\"image.default\">\n\t\t\t\t<div class=\"elementor-widget-container\">\n\t\t\t\t\t\t\t\t\t\t\t\t\t\t\t<img fetchpriority=\"high\" decoding=\"async\" width=\"415\" height=\"327\" src=\"https:\/\/centromeditest.com\/wp-content\/uploads\/foto-licencia-armas-1.jpg\" class=\"attachment-large size-large wp-image-1050\" alt=\"\" srcset=\"https:\/\/centromeditest.com\/wp-content\/uploads\/foto-licencia-armas-1.jpg 415w, https:\/\/centromeditest.com\/wp-content\/uploads\/foto-licencia-armas-1-300x236.jpg 300w\" sizes=\"(max-width: 415px) 100vw, 415px\" \/>\t\t\t\t\t\t\t\t\t\t\t\t\t\t\t<\/div>\n\t\t\t\t<\/div>\n\t\t\t\t\t<\/div>\n\t\t<\/div>\n\t\t\t\t<div class=\"elementor-column elementor-col-66 elementor-top-column elementor-element elementor-element-53e4367\" data-id=\"53e4367\" data-element_type=\"column\">\n\t\t\t<div class=\"elementor-widget-wrap elementor-element-populated\">\n\t\t\t\t\t\t<div class=\"elementor-element elementor-element-77ebd00 elementor-widget elementor-widget-text-editor\" data-id=\"77ebd00\" data-element_type=\"widget\" data-widget_type=\"text-editor.default\">\n\t\t\t\t<div class=\"elementor-widget-container\">\n\t\t\t\t\t\t\t\t\t\n\n<h2>Errekonozimendu mediko-psikoteknikoa gauzatzen dugu eta agiria momentuan ematen dizugu<\/h2>\nMesedez, aurretiko hitzordua eskatzeko deitu 943316120 edo meditest@centromeditest.com helbidera idatzi\n\n\n\n\t\t\t\t\t\t\t\t<\/div>\n\t\t\t\t<\/div>\n\t\t\t\t\t<\/div>\n\t\t<\/div>\n\t\t\t\t\t<\/div>\n\t\t<\/section>\n\t\t\t\t<section class=\"elementor-section elementor-top-section elementor-element elementor-element-2e349bb elementor-section-boxed elementor-section-height-default elementor-section-height-default\" data-id=\"2e349bb\" data-element_type=\"section\">\n\t\t\t\t\t\t<div class=\"elementor-container elementor-column-gap-default\">\n\t\t\t\t\t<div class=\"elementor-column elementor-col-100 elementor-top-column elementor-element elementor-element-4a14776\" data-id=\"4a14776\" data-element_type=\"column\">\n\t\t\t<div class=\"elementor-widget-wrap elementor-element-populated\">\n\t\t\t\t\t\t<div class=\"elementor-element elementor-element-a1b3958 elementor-widget elementor-widget-text-editor\" data-id=\"a1b3958\" data-element_type=\"widget\" data-widget_type=\"text-editor.default\">\n\t\t\t\t<div class=\"elementor-widget-container\">\n\t\t\t\t\t\t\t\t\t<p><\/p><div class=\"azul\" style=\"background: #eee; border: 1px solid #ccc; padding: 5px 10px;\"><strong style=\"font-size: 16px;\">BEHARREZKO DOKUMENTAZIOA <\/strong><\/div><p><\/p>\t\t\t\t\t\t\t\t<\/div>\n\t\t\t\t<\/div>\n\t\t\t\t<div class=\"elementor-element elementor-element-21fe277 elementor-widget__width-inherit elementor-invisible elementor-widget elementor-widget-image\" data-id=\"21fe277\" data-element_type=\"widget\" data-settings=\"{&quot;_animation&quot;:&quot;zoomIn&quot;}\" data-widget_type=\"image.default\">\n\t\t\t\t<div class=\"elementor-widget-container\">\n\t\t\t\t\t\t\t\t\t\t\t\t\t\t\t<img fetchpriority=\"high\" decoding=\"async\" width=\"415\" height=\"327\" src=\"https:\/\/centromeditest.com\/wp-content\/uploads\/foto-licencia-armas-1.jpg\" class=\"attachment-large size-large wp-image-1050\" alt=\"\" srcset=\"https:\/\/centromeditest.com\/wp-content\/uploads\/foto-licencia-armas-1.jpg 415w, https:\/\/centromeditest.com\/wp-content\/uploads\/foto-licencia-armas-1-300x236.jpg 300w\" sizes=\"(max-width: 415px) 100vw, 415px\" \/>\t\t\t\t\t\t\t\t\t\t\t\t\t\t\t<\/div>\n\t\t\t\t<\/div>\n\t\t\t\t\t<\/div>\n\t\t<\/div>\n\t\t\t\t\t<\/div>\n\t\t<\/section>\n\t\t\t\t<section class=\"elementor-section elementor-top-section elementor-element elementor-element-64f3939 elementor-section-boxed elementor-section-height-default elementor-section-height-default\" data-id=\"64f3939\" data-element_type=\"section\">\n\t\t\t\t\t\t<div class=\"elementor-container elementor-column-gap-default\">\n\t\t\t\t\t<div class=\"elementor-column elementor-col-50 elementor-top-column elementor-element elementor-element-c2fe795\" data-id=\"c2fe795\" data-element_type=\"column\">\n\t\t\t<div class=\"elementor-widget-wrap elementor-element-populated\">\n\t\t\t\t\t\t<div class=\"elementor-element elementor-element-7be800b elementor-widget elementor-widget-text-editor\" data-id=\"7be800b\" data-element_type=\"widget\" data-widget_type=\"text-editor.default\">\n\t\t\t\t<div class=\"elementor-widget-container\">\n\t\t\t\t\t\t\t\t\t\n<h4 style=\"font-variant-ligatures: normal; font-variant-caps: normal; font-family: Raleway, Raleway; font-style: normal;\"><b>ESKURAPENA<\/b>:<\/h4>\n<p style=\"padding-left: 40px;\"><span style=\"color: #0099cc;\">\u25ba<\/span>N.A.N. edo N.I.E<\/p>\n<p style=\"padding-left: 40px;\"><span style=\"color: #0099cc;\">\u25ba<\/span>Argazki bat<\/p>\n\n<h4 style=\"font-variant-ligatures: normal; font-variant-caps: normal; font-family: Raleway, Raleway; font-style: normal;\"><b>ALDATZEA<\/b><strong>:<\/strong><\/h4>\n<p style=\"padding-left: 40px;\"><span style=\"color: #0099cc;\">\u25ba<\/span>N.A.N. edo N.I.E-aren fotokopia<\/p>\n<p style=\"padding-left: 40px;\"><span style=\"color: #0099cc;\">\u25ba<span style=\"color: #000000;\">Argazki Bat<\/span><\/span><\/p>\n<p style=\"padding-left: 40px;\"><span style=\"color: #0099cc;\">\u25ba<\/span><span style=\"font-family: Raleway, Raleway; font-size: 20px; font-style: normal; font-variant-ligatures: normal; font-variant-caps: normal; font-weight: 400;\">Armen lizentzia<\/span><\/p>\n<strong style=\"color: #149509; font-size: 20px; letter-spacing: 1.8px; text-transform: uppercase;\">INFORMAZIO GEHIAGO<\/strong>\n\n<a href=\"http:\/\/www.guardiacivil.es\/es\/servicios\/armasyexplosivo\/index.html\" target=\"_blank\" rel=\"noopener noreferrer\">Armen baimena<\/a>\n\nArmen lizentzia lehenengo aldiz eskuratu ahal izateko, adin arrazoiengatik bisatu ahal izateko edo lizentzia bera berriztatzeko jar zaitez gurekin harremanetan.\n\t\t\t\t\t\t\t\t<\/div>\n\t\t\t\t<\/div>\n\t\t\t\t\t<\/div>\n\t\t<\/div>\n\t\t\t\t<div class=\"elementor-column elementor-col-50 elementor-top-column elementor-element elementor-element-e3bac48\" data-id=\"e3bac48\" data-element_type=\"column\">\n\t\t\t<div class=\"elementor-widget-wrap elementor-element-populated\">\n\t\t\t\t\t\t<div class=\"elementor-element elementor-element-e66a5af elementor-widget elementor-widget-text-editor\" data-id=\"e66a5af\" data-element_type=\"widget\" data-widget_type=\"text-editor.default\">\n\t\t\t\t<div class=\"elementor-widget-container\">\n\t\t\t\t\t\t\t\t\t<h4><strong>67 URTETIK GORAKO PERTSONENTZAKO BISADOAK:<\/strong><\/h4>\n<div>\n<p>67urtetik gorakoa baldin bazara eta armen lizentzia 5 urtez behin epez kanpo gelditzen bada ere, ziurtagiri medikoa 3 urtean behin aurkeztu beharko duzu.. Kontuan izan, horrelako kasuetan gu geu arduratzen garela dokumentazioa Intxaurrondoko Guardia Zibilari aurkezten zure ordez erabat dohain. Horrela gauzatzea nahi baldin baduzu, ondorengoa ekarri beharko duzu:<\/p>\n<p>:<\/p>\n<h4>\n<\/h4><\/div>\n\t\t\t\t\t\t\t\t<\/div>\n\t\t\t\t<\/div>\n\t\t\t\t\t<\/div>\n\t\t<\/div>\n\t\t\t\t\t<\/div>\n\t\t<\/section>\n\t\t\t\t<section class=\"elementor-section elementor-top-section elementor-element elementor-element-1210181 elementor-section-boxed elementor-section-height-default elementor-section-height-default\" data-id=\"1210181\" data-element_type=\"section\">\n\t\t\t\t\t\t<div class=\"elementor-container elementor-column-gap-default\">\n\t\t\t\t\t<div class=\"elementor-column elementor-col-33 elementor-top-column elementor-element elementor-element-cd5cae4\" data-id=\"cd5cae4\" data-element_type=\"column\">\n\t\t\t<div class=\"elementor-widget-wrap elementor-element-populated\">\n\t\t\t\t\t\t\t<\/div>\n\t\t<\/div>\n\t\t\t\t<div class=\"elementor-column elementor-col-33 elementor-top-column elementor-element elementor-element-dd0924b\" data-id=\"dd0924b\" data-element_type=\"column\">\n\t\t\t<div class=\"elementor-widget-wrap elementor-element-populated\">\n\t\t\t\t\t\t<div class=\"elementor-element elementor-element-91ae820 elementor-widget elementor-widget-text-editor\" data-id=\"91ae820\" data-element_type=\"widget\" data-widget_type=\"text-editor.default\">\n\t\t\t\t<div class=\"elementor-widget-container\">\n\t\t\t\t\t\t\t\t\t<p><\/p><h4 style=\"text-align: center;\"><b>KOKAPENA<\/b>:<\/h4><p style=\"text-align: center;\">Manuel Lekuona kalea, 11 Behea<\/p><p style=\"text-align: center;\">20018-DONOSTIA, Gipuzkoa<\/p><p style=\"text-align: center;\"><i class=\"fas fa-phone\"> <\/i>+(34) 943316120<\/p><p style=\"text-align: center;\"><i class=\"far fa-envelope\"><\/i> meditest@centromeditest.com<\/p><p style=\"text-align: center;\"><span style=\"font-size: 18px;\"><\/span><\/p>\t\t\t\t\t\t\t\t<\/div>\n\t\t\t\t<\/div>\n\t\t\t\t\t<\/div>\n\t\t<\/div>\n\t\t\t\t<div class=\"elementor-column elementor-col-33 elementor-top-column elementor-element elementor-element-e0ae875\" data-id=\"e0ae875\" data-element_type=\"column\">\n\t\t\t<div class=\"elementor-widget-wrap\">\n\t\t\t\t\t\t\t<\/div>\n\t\t<\/div>\n\t\t\t\t\t<\/div>\n\t\t<\/section>\n\t\t<div class=\"elementor-element elementor-element-61824b51 e-grid e-con-boxed e-con e-parent\" data-id=\"61824b51\" data-element_type=\"container\">\n\t\t\t\t\t<div class=\"e-con-inner\">\n\t\t\t\t<div class=\"elementor-element elementor-element-50cd80be elementor-widget elementor-widget-html\" data-id=\"50cd80be\" data-element_type=\"widget\" data-widget_type=\"html.default\">\n\t\t\t\t<div class=\"elementor-widget-container\">\n\t\t\t\t\t<p style=\"text-align: center;\">\n    <!-- Bot\u00f3n \"Reservar online\" -->\n    <button class=\"custom-booking-button\" onclick=\"window.location.href='\/Reserva'\">\n        <!-- SVG Calendar Icon -->\n        <svg class=\"w-8 h-8 mr-2\" fill=\"currentColor\" viewBox=\"0 0 24 24\" xmlns=\"http:\/\/www.w3.org\/2000\/svg\">\n            <rect x=\"3\" y=\"5\" width=\"18\" height=\"16\" rx=\"2\" ry=\"2\" stroke=\"currentColor\" stroke-width=\"2\" fill=\"none\"\/>\n            <path d=\"M7 2v3M17 2v3M3 9h18\"\/>\n            <circle cx=\"8\" cy=\"14\" r=\"1.5\"\/>\n            <circle cx=\"12\" cy=\"14\" r=\"1.5\"\/>\n            <circle cx=\"16\" cy=\"14\" r=\"1.5\"\/>\n            <circle cx=\"8\" cy=\"18\" r=\"1.5\"\/>\n            <circle cx=\"12\" cy=\"18\" r=\"1.5\"\/>\n            <circle cx=\"16\" cy=\"18\" r=\"1.5\"\/>\n        <\/svg>\n        Reservar online\n    <\/button>\n    \t\t\t\t<\/div>\n\t\t\t\t<\/div>\n\t\t\t\t<div class=\"elementor-element elementor-element-2d985de3 elementor-widget elementor-widget-html\" data-id=\"2d985de3\" data-element_type=\"widget\" data-widget_type=\"html.default\">\n\t\t\t\t<div class=\"elementor-widget-container\">\n\t\t\t\t\t<!-- Nuevo bot\u00f3n \"Pedir cita\" -->\n    <button class=\"custom-booking-button\" onclick=\"window.location.href='\/contacto'\">\n        <!-- SVG Calendar Icon (igual que el anterior) -->\n        <svg class=\"w-8 h-8 mr-2\" fill=\"currentColor\" viewBox=\"0 0 24 24\" xmlns=\"http:\/\/www.w3.org\/2000\/svg\">\n            <rect x=\"3\" y=\"5\" width=\"18\" height=\"16\" rx=\"2\" ry=\"2\" stroke=\"currentColor\" stroke-width=\"2\" fill=\"none\"\/>\n            <path d=\"M7 2v3M17 2v3M3 9h18\"\/>\n            <circle cx=\"8\" cy=\"14\" r=\"1.5\"\/>\n            <circle cx=\"12\" cy=\"14\" r=\"1.5\"\/>\n            <circle cx=\"16\" cy=\"14\" r=\"1.5\"\/>\n            <circle cx=\"8\" cy=\"18\" r=\"1.5\"\/>\n            <circle cx=\"12\" cy=\"18\" r=\"1.5\"\/>\n            <circle cx=\"16\" cy=\"18\" r=\"1.5\"\/>\n        <\/svg>\n        Pedir cita\n    <\/button>\n<\/p>\t\t\t\t<\/div>\n\t\t\t\t<\/div>\n\t\t\t\t\t<\/div>\n\t\t\t\t<\/div>\n\t\t\t\t<\/div>\n\t\t","protected":false},"excerpt":{"rendered":"<p>Te hacemos el reconocimiento m\u00e9dico-psicot\u00e9cnico y al momento te damos el certificado. Por favor, solic\u00edtanos cita previa en el 943 31 61 20 o en meditest@centromeditest.com DOCUMENTACI\u00d3N NECESARIA OBTENCI\u00d3N : \u25baDNI o NIE. \u25ba1 fotograf\u00eda RENOVACI\u00d3N: \u25baDNI o NIE. \u25ba1 fotograf\u00eda. \u25baLicencia de armas. M\u00c1S INFORMACI\u00d3N Permiso de armas Para la renovaci\u00f3n o para sacar [&hellip;]<\/p>\n","protected":false},"author":3,"featured_media":0,"parent":0,"menu_order":0,"comment_status":"closed","ping_status":"closed","template":"","meta":{"footnotes":""},"class_list":["post-114","page","type-page","status-publish","hentry","entry"],"_links":{"self":[{"href":"https:\/\/centromeditest.com\/es\/wp-json\/wp\/v2\/pages\/114","targetHints":{"allow":["GET"]}}],"collection":[{"href":"https:\/\/centromeditest.com\/es\/wp-json\/wp\/v2\/pages"}],"about":[{"href":"https:\/\/centromeditest.com\/es\/wp-json\/wp\/v2\/types\/page"}],"author":[{"embeddable":true,"href":"https:\/\/centromeditest.com\/es\/wp-json\/wp\/v2\/users\/3"}],"replies":[{"embeddable":true,"href":"https:\/\/centromeditest.com\/es\/wp-json\/wp\/v2\/comments?post=114"}],"version-history":[{"count":97,"href":"https:\/\/centromeditest.com\/es\/wp-json\/wp\/v2\/pages\/114\/revisions"}],"predecessor-version":[{"id":2600,"href":"https:\/\/centromeditest.com\/es\/wp-json\/wp\/v2\/pages\/114\/revisions\/2600"}],"wp:attachment":[{"href":"https:\/\/centromeditest.com\/es\/wp-json\/wp\/v2\/media?parent=114"}],"curies":[{"name":"wp","href":"https:\/\/api.w.org\/{rel}","templated":true}]}}