{"id":112,"date":"2016-02-15T07:47:47","date_gmt":"2016-02-15T07:47:47","guid":{"rendered":"http:\/\/lanzitek.com\/?page_id=112"},"modified":"2025-09-18T11:44:59","modified_gmt":"2025-09-18T09:44:59","slug":"carnet-conducir","status":"publish","type":"page","link":"https:\/\/centromeditest.com\/es\/carnet-conducir\/","title":{"rendered":"Carnet de conducir"},"content":{"rendered":"\t\t<div data-elementor-type=\"wp-page\" data-elementor-id=\"112\" class=\"elementor elementor-112\">\n\t\t\t\t\t\t<section class=\"elementor-section elementor-top-section elementor-element elementor-element-7e749ef elementor-section-full_width elementor-section-height-default elementor-section-height-default\" data-id=\"7e749ef\" data-element_type=\"section\">\n\t\t\t\t\t\t<div class=\"elementor-container elementor-column-gap-default\">\n\t\t\t\t\t<div class=\"elementor-column elementor-col-50 elementor-top-column elementor-element elementor-element-2919fee\" data-id=\"2919fee\" data-element_type=\"column\">\n\t\t\t<div class=\"elementor-widget-wrap elementor-element-populated\">\n\t\t\t\t\t\t<div class=\"elementor-element elementor-element-c2c7e79 elementor-widget__width-inherit elementor-invisible elementor-widget elementor-widget-image\" data-id=\"c2c7e79\" data-element_type=\"widget\" data-settings=\"{&quot;_animation&quot;:&quot;zoomIn&quot;}\" data-widget_type=\"image.default\">\n\t\t\t\t<div class=\"elementor-widget-container\">\n\t\t\t\t\t\t\t\t\t\t\t\t\t\t\t<img fetchpriority=\"high\" decoding=\"async\" width=\"415\" height=\"344\" src=\"https:\/\/centromeditest.com\/wp-content\/uploads\/foto-carnet-1.jpg\" class=\"attachment-medium_large size-medium_large wp-image-607\" alt=\"\" srcset=\"https:\/\/centromeditest.com\/wp-content\/uploads\/foto-carnet-1.jpg 415w, https:\/\/centromeditest.com\/wp-content\/uploads\/foto-carnet-1-300x249.jpg 300w\" sizes=\"(max-width: 415px) 100vw, 415px\" \/>\t\t\t\t\t\t\t\t\t\t\t\t\t\t\t<\/div>\n\t\t\t\t<\/div>\n\t\t\t\t\t<\/div>\n\t\t<\/div>\n\t\t\t\t<div class=\"elementor-column elementor-col-50 elementor-top-column elementor-element elementor-element-217be4d\" data-id=\"217be4d\" data-element_type=\"column\">\n\t\t\t<div class=\"elementor-widget-wrap elementor-element-populated\">\n\t\t\t\t\t\t<div class=\"elementor-element elementor-element-4ae9429 elementor-widget elementor-widget-text-editor\" data-id=\"4ae9429\" data-element_type=\"widget\" data-widget_type=\"text-editor.default\">\n\t\t\t\t<div class=\"elementor-widget-container\">\n\t\t\t\t\t\t\t\t\t\n<span style=\"font-family: Raleway, Raleway; font-size: 20px; font-style: normal; font-variant-ligatures: normal; font-variant-caps: normal; font-weight: 400;\"><\/span>\n<h2>Te hacemos el reconocimiento m\u00e9dico-psicot\u00e9cnico, la fotograf\u00eda y la tramitaci\u00f3n al momento, sin necesidad de pasar por Tr\u00e1fico.<\/h2>\nPor favor, solic\u00edtanos cita previa en el 943 31 61 20 o en meditest@centromeditest.com\n\t\t\t\t\t\t\t\t<\/div>\n\t\t\t\t<\/div>\n\t\t\t\t\t<\/div>\n\t\t<\/div>\n\t\t\t\t\t<\/div>\n\t\t<\/section>\n\t\t\t\t<section class=\"elementor-section elementor-top-section elementor-element elementor-element-e4c906c elementor-section-boxed elementor-section-height-default elementor-section-height-default\" data-id=\"e4c906c\" data-element_type=\"section\">\n\t\t\t\t\t\t<div class=\"elementor-container elementor-column-gap-default\">\n\t\t\t\t\t<div class=\"elementor-column elementor-col-100 elementor-top-column elementor-element elementor-element-4271416\" data-id=\"4271416\" data-element_type=\"column\">\n\t\t\t<div class=\"elementor-widget-wrap elementor-element-populated\">\n\t\t\t\t\t\t<div class=\"elementor-element elementor-element-361af32 elementor-widget elementor-widget-text-editor\" data-id=\"361af32\" data-element_type=\"widget\" data-widget_type=\"text-editor.default\">\n\t\t\t\t<div class=\"elementor-widget-container\">\n\t\t\t\t\t\t\t\t\t<p><\/p><div class=\"azul\" style=\"background: #eee; border: 1px solid #ccc; padding: 5px 10px;\"><span style=\"font-size: 24px;\"><strong style=\"font-size: 16px;\">DOCUMENTACI\u00d3N NECESARIA<\/strong><\/span><\/div><p><\/p>\t\t\t\t\t\t\t\t<\/div>\n\t\t\t\t<\/div>\n\t\t\t\t\t<\/div>\n\t\t<\/div>\n\t\t\t\t\t<\/div>\n\t\t<\/section>\n\t\t\t\t<section class=\"elementor-section elementor-top-section elementor-element elementor-element-fb3d932 elementor-section-boxed elementor-section-height-default elementor-section-height-default\" data-id=\"fb3d932\" data-element_type=\"section\">\n\t\t\t\t\t\t<div class=\"elementor-container elementor-column-gap-default\">\n\t\t\t\t\t<div class=\"elementor-column elementor-col-33 elementor-top-column elementor-element elementor-element-092ae1f\" data-id=\"092ae1f\" data-element_type=\"column\">\n\t\t\t<div class=\"elementor-widget-wrap elementor-element-populated\">\n\t\t\t\t\t\t<div class=\"elementor-element elementor-element-6313cfc elementor-widget elementor-widget-text-editor\" data-id=\"6313cfc\" data-element_type=\"widget\" data-widget_type=\"text-editor.default\">\n\t\t\t\t<div class=\"elementor-widget-container\">\n\t\t\t\t\t\t\t\t\t<p><strong style=\"color: #149509; font-size: 20px; letter-spacing: 1.8px; text-align: center; text-transform: uppercase;\">RENOVACI\u00d3N:<\/strong><\/p><p style=\"padding-left: 40px;\"><span style=\"color: #0099cc;\">\u25ba<\/span>Carnet de Conducir<\/p><p style=\"padding-left: 40px;\"><span style=\"color: #0099cc;\">\u25ba<\/span>D.N.I o N.I.E<\/p><h4 style=\"text-align: center;\"><\/h4>\t\t\t\t\t\t\t\t<\/div>\n\t\t\t\t<\/div>\n\t\t\t\t\t<\/div>\n\t\t<\/div>\n\t\t\t\t<div class=\"elementor-column elementor-col-33 elementor-top-column elementor-element elementor-element-b0597a8\" data-id=\"b0597a8\" data-element_type=\"column\">\n\t\t\t<div class=\"elementor-widget-wrap elementor-element-populated\">\n\t\t\t\t\t\t<div class=\"elementor-element elementor-element-735d7a4 elementor-widget elementor-widget-text-editor\" data-id=\"735d7a4\" data-element_type=\"widget\" data-widget_type=\"text-editor.default\">\n\t\t\t\t<div class=\"elementor-widget-container\">\n\t\t\t\t\t\t\t\t\t<p><strong style=\"color: #149509; font-size: 20px; letter-spacing: 1.8px; text-transform: uppercase;\">OBTENCI\u00d3N O CANJE:<\/strong><\/p><p style=\"padding-left: 40px;\"><span style=\"color: #0099cc;\">\u25ba<\/span>D.N.I o N.I.E<\/p><p><\/p>\t\t\t\t\t\t\t\t<\/div>\n\t\t\t\t<\/div>\n\t\t\t\t\t<\/div>\n\t\t<\/div>\n\t\t\t\t<div class=\"elementor-column elementor-col-33 elementor-top-column elementor-element elementor-element-3679091\" data-id=\"3679091\" data-element_type=\"column\">\n\t\t\t<div class=\"elementor-widget-wrap elementor-element-populated\">\n\t\t\t\t\t\t<div class=\"elementor-element elementor-element-660114e elementor-widget elementor-widget-text-editor\" data-id=\"660114e\" data-element_type=\"widget\" data-widget_type=\"text-editor.default\">\n\t\t\t\t<div class=\"elementor-widget-container\">\n\t\t\t\t\t\t\t\t\t<p><span style=\"font-size: 20px; font-weight: 600; color: #149509; letter-spacing: 1.8px; text-align: center; text-transform: uppercase;\">RECUPERACI\u00d3N DE PUNTOS:<\/span><\/p><p style=\"padding-left: 40px;\"><span style=\"color: #0099cc;\">\u25ba<\/span>D.N.I o N.I.E<\/p><p style=\"padding-left: 40px;\"><span style=\"color: #0099cc;\">\u25ba<\/span>Carnet de Conducir (si lo tiene).<\/p><p><\/p>\t\t\t\t\t\t\t\t<\/div>\n\t\t\t\t<\/div>\n\t\t\t\t\t<\/div>\n\t\t<\/div>\n\t\t\t\t\t<\/div>\n\t\t<\/section>\n\t\t\t\t<section class=\"elementor-section elementor-top-section elementor-element elementor-element-1263eb4 elementor-section-full_width elementor-section-content-top elementor-section-height-default elementor-section-height-default\" data-id=\"1263eb4\" data-element_type=\"section\">\n\t\t\t\t\t\t<div class=\"elementor-container elementor-column-gap-default\">\n\t\t\t\t\t<div class=\"elementor-column elementor-col-100 elementor-top-column elementor-element elementor-element-92734eb\" data-id=\"92734eb\" data-element_type=\"column\">\n\t\t\t<div class=\"elementor-widget-wrap elementor-element-populated\">\n\t\t\t\t\t\t<div class=\"elementor-element elementor-element-f91f0d5 elementor-widget elementor-widget-text-editor\" data-id=\"f91f0d5\" data-element_type=\"widget\" data-widget_type=\"text-editor.default\">\n\t\t\t\t<div class=\"elementor-widget-container\">\n\t\t\t\t\t\t\t\t\t<p><\/p><p><span style=\"font-size: 18px;\"><strong>NO NECESITAS PASAR POR TR\u00c1FICO\u00a0\u00a0 <\/strong>Si quieres, nosotros nos encargamos de tramitar la renovaci\u00f3n de tu permiso de conducir al momento desde MEDITEST, ya que estamos autorizados por DGT para hacerlo. Te entregaremos la autorizaci\u00f3n temporal para conducir y, el carnet nuevo, lo recibir\u00e1s en tu domicilio en unas semanas sin que tengas que desplazarte.\u00a0<\/span><\/p><p><span style=\"font-size: 18px;\"><strong>SI TIENES EL CARNET DE CONDUCIR CADUCADO<\/strong>, recuerda que NO puedes conducir. Ven cuanto antes a MEDITEST y lo resolveremos r\u00e1pidamente.\u00a0<\/span><\/p><p><span style=\"font-size: 18px;\"><strong>FOTO Y TRAMITACI\u00d3N GRATUITAS<\/strong>. S\u00f3lo te cobraremos el reconocimiento m\u00e9dico y las tasas de Tr\u00e1fico. Recuerda que si eres mayor de 70 a\u00f1os, <strong>no pagas tasas<\/strong>.<\/span><\/p><div class=\"rt-grid-3\"><h3><span style=\"font-size: 20px; color: #545454;\"><\/span><\/h3><\/div>\t\t\t\t\t\t\t\t<\/div>\n\t\t\t\t<\/div>\n\t\t\t\t\t<\/div>\n\t\t<\/div>\n\t\t\t\t\t<\/div>\n\t\t<\/section>\n\t\t\t\t<section class=\"elementor-section elementor-top-section elementor-element elementor-element-b646244 elementor-section-boxed elementor-section-height-default elementor-section-height-default\" data-id=\"b646244\" data-element_type=\"section\">\n\t\t\t\t\t\t<div class=\"elementor-container elementor-column-gap-default\">\n\t\t\t\t\t<div class=\"elementor-column elementor-col-66 elementor-top-column elementor-element elementor-element-868066a\" data-id=\"868066a\" data-element_type=\"column\">\n\t\t\t<div class=\"elementor-widget-wrap elementor-element-populated\">\n\t\t\t\t\t\t<div class=\"elementor-element elementor-element-c06dbb0 elementor-widget elementor-widget-text-editor\" data-id=\"c06dbb0\" data-element_type=\"widget\" data-widget_type=\"text-editor.default\">\n\t\t\t\t<div class=\"elementor-widget-container\">\n\t\t\t\t\t\t\t\t\t<h4><b>Nos encargamos de todo,<\/b><\/h4><ul><li style=\"list-style-type: none;\"><ul><li>Reconocimiento, foto y tramitaci\u00f3n.<\/li><li>Sin pasar por Tr\u00e1fico.<\/li><li>Tramitaci\u00f3n inmediata.<\/li><li>Autorizaci\u00f3n temporal para conducir inmediata<\/li><li>Fotograf\u00eda y gesti\u00f3n con Tr\u00e1fico gratis.<\/li><\/ul><\/li><\/ul><p><\/p>\t\t\t\t\t\t\t\t<\/div>\n\t\t\t\t<\/div>\n\t\t\t\t\t<\/div>\n\t\t<\/div>\n\t\t\t\t<div class=\"elementor-column elementor-col-33 elementor-top-column elementor-element elementor-element-c0277be\" data-id=\"c0277be\" data-element_type=\"column\">\n\t\t\t<div class=\"elementor-widget-wrap elementor-element-populated\">\n\t\t\t\t\t\t<div class=\"elementor-element elementor-element-daf62db elementor-widget elementor-widget-text-editor\" data-id=\"daf62db\" data-element_type=\"widget\" data-widget_type=\"text-editor.default\">\n\t\t\t\t<div class=\"elementor-widget-container\">\n\t\t\t\t\t\t\t\t\t<h4><b>Informaci\u00f3n adicional<\/b><\/h4><p><a href=\"https:\/\/sedeapl.dgt.gob.es:7443\/IWPT6b\/help\/Descripcion_Tasas_ES.pdf\" target=\"_blank\" rel=\"noopener noreferrer\"><img decoding=\"async\" class=\"alignleft size-full wp-image-1072\" src=\"https:\/\/centromeditest.com\/wp-content\/uploads\/link-externo-1.gif\" alt=\"\" width=\"25\" height=\"22\" \/>Tasas Oficiales de Tr\u00e1fico<\/a><\/p><p><a href=\"https:\/\/sede.dgt.gob.es\/es\/permisos-de-conducir\/\" target=\"_blank\" rel=\"noopener noreferrer\"><img decoding=\"async\" class=\"alignleft size-full wp-image-1072\" src=\"https:\/\/centromeditest.com\/wp-content\/uploads\/link-externo-1.gif\" alt=\"\" width=\"25\" height=\"22\" \/>Informaci\u00f3n sobre permisos de conducir de la Direcci\u00f3n General de Tr\u00e1fico<\/a><\/p><p><\/p>\t\t\t\t\t\t\t\t<\/div>\n\t\t\t\t<\/div>\n\t\t\t\t\t<\/div>\n\t\t<\/div>\n\t\t\t\t\t<\/div>\n\t\t<\/section>\n\t\t\t\t<section class=\"elementor-section elementor-top-section elementor-element elementor-element-073ae03 elementor-section-boxed elementor-section-height-default elementor-section-height-default\" data-id=\"073ae03\" data-element_type=\"section\">\n\t\t\t\t\t\t<div class=\"elementor-container elementor-column-gap-default\">\n\t\t\t\t\t<div class=\"elementor-column elementor-col-33 elementor-top-column elementor-element elementor-element-642fa37\" data-id=\"642fa37\" data-element_type=\"column\">\n\t\t\t<div class=\"elementor-widget-wrap elementor-element-populated\">\n\t\t\t\t\t\t\t<\/div>\n\t\t<\/div>\n\t\t\t\t<div class=\"elementor-column elementor-col-33 elementor-top-column elementor-element elementor-element-9658fad\" data-id=\"9658fad\" data-element_type=\"column\">\n\t\t\t<div class=\"elementor-widget-wrap elementor-element-populated\">\n\t\t\t\t\t\t<div class=\"elementor-element elementor-element-96acab3 elementor-widget elementor-widget-text-editor\" data-id=\"96acab3\" data-element_type=\"widget\" data-widget_type=\"text-editor.default\">\n\t\t\t\t<div class=\"elementor-widget-container\">\n\t\t\t\t\t\t\t\t\t<p><\/p><h4 style=\"text-align: center;\"><b>Nos encontrar\u00e1s en<\/b>:<\/h4><p style=\"text-align: center;\">Manuel Lekuona kalea, 11 Bajo<\/p><p style=\"text-align: center;\">20018-DONOSTIA, Gipuzkoa<\/p><p style=\"text-align: center;\"><i class=\"fas fa-phone\"> <\/i>+(34) 943316120<\/p><p style=\"text-align: center;\"><i class=\"far fa-envelope\"><\/i> meditest@centromeditest.com<\/p><p><\/p>\t\t\t\t\t\t\t\t<\/div>\n\t\t\t\t<\/div>\n\t\t\t\t\t<\/div>\n\t\t<\/div>\n\t\t\t\t<div class=\"elementor-column elementor-col-33 elementor-top-column elementor-element elementor-element-817cdb0\" data-id=\"817cdb0\" data-element_type=\"column\">\n\t\t\t<div class=\"elementor-widget-wrap\">\n\t\t\t\t\t\t\t<\/div>\n\t\t<\/div>\n\t\t\t\t\t<\/div>\n\t\t<\/section>\n\t\t<div class=\"elementor-element elementor-element-e30520b e-flex e-con-boxed e-con e-parent\" data-id=\"e30520b\" data-element_type=\"container\">\n\t\t\t\t\t<div class=\"e-con-inner\">\n\t\t\t\t\t<\/div>\n\t\t\t\t<\/div>\n\t\t<div class=\"elementor-element elementor-element-4fb06c70 e-grid e-con-boxed e-con e-parent\" data-id=\"4fb06c70\" data-element_type=\"container\">\n\t\t\t\t\t<div class=\"e-con-inner\">\n\t\t\t\t<div class=\"elementor-element elementor-element-36eabd3 elementor-widget elementor-widget-html\" data-id=\"36eabd3\" data-element_type=\"widget\" data-widget_type=\"html.default\">\n\t\t\t\t<div class=\"elementor-widget-container\">\n\t\t\t\t\t<p style=\"text-align: center;\">\n    <!-- Bot\u00f3n \"Reservar online\" -->\n    <button class=\"custom-booking-button\" onclick=\"window.location.href='\/Reserva'\">\n        <!-- SVG Calendar Icon -->\n        <svg class=\"w-8 h-8 mr-2\" fill=\"currentColor\" viewBox=\"0 0 24 24\" xmlns=\"http:\/\/www.w3.org\/2000\/svg\">\n            <rect x=\"3\" y=\"5\" width=\"18\" height=\"16\" rx=\"2\" ry=\"2\" stroke=\"currentColor\" stroke-width=\"2\" fill=\"none\"\/>\n            <path d=\"M7 2v3M17 2v3M3 9h18\"\/>\n            <circle cx=\"8\" cy=\"14\" r=\"1.5\"\/>\n            <circle cx=\"12\" cy=\"14\" r=\"1.5\"\/>\n            <circle cx=\"16\" cy=\"14\" r=\"1.5\"\/>\n            <circle cx=\"8\" cy=\"18\" r=\"1.5\"\/>\n            <circle cx=\"12\" cy=\"18\" r=\"1.5\"\/>\n            <circle cx=\"16\" cy=\"18\" r=\"1.5\"\/>\n        <\/svg>\n        Reservar online\n    <\/button>\n    \t\t\t\t<\/div>\n\t\t\t\t<\/div>\n\t\t\t\t<div class=\"elementor-element elementor-element-3c62988 elementor-widget elementor-widget-html\" data-id=\"3c62988\" data-element_type=\"widget\" data-widget_type=\"html.default\">\n\t\t\t\t<div class=\"elementor-widget-container\">\n\t\t\t\t\t<!-- Nuevo bot\u00f3n \"Pedir cita\" -->\n    <button class=\"custom-booking-button\" onclick=\"window.location.href='\/contacto'\">\n        <!-- SVG Calendar Icon (igual que el anterior) -->\n        <svg class=\"w-8 h-8 mr-2\" fill=\"currentColor\" viewBox=\"0 0 24 24\" xmlns=\"http:\/\/www.w3.org\/2000\/svg\">\n            <rect x=\"3\" y=\"5\" width=\"18\" height=\"16\" rx=\"2\" ry=\"2\" stroke=\"currentColor\" stroke-width=\"2\" fill=\"none\"\/>\n            <path d=\"M7 2v3M17 2v3M3 9h18\"\/>\n            <circle cx=\"8\" cy=\"14\" r=\"1.5\"\/>\n            <circle cx=\"12\" cy=\"14\" r=\"1.5\"\/>\n            <circle cx=\"16\" cy=\"14\" r=\"1.5\"\/>\n            <circle cx=\"8\" cy=\"18\" r=\"1.5\"\/>\n            <circle cx=\"12\" cy=\"18\" r=\"1.5\"\/>\n            <circle cx=\"16\" cy=\"18\" r=\"1.5\"\/>\n        <\/svg>\n        Pedir cita\n    <\/button>\n<\/p>\t\t\t\t<\/div>\n\t\t\t\t<\/div>\n\t\t\t\t\t<\/div>\n\t\t\t\t<\/div>\n\t\t\t\t<\/div>\n\t\t","protected":false},"excerpt":{"rendered":"<p>Te hacemos el reconocimiento m\u00e9dico-psicot\u00e9cnico, la fotograf\u00eda y la tramitaci\u00f3n al momento, sin necesidad de pasar por Tr\u00e1fico. Por favor, solic\u00edtanos cita previa en el 943 31 61 20 o en meditest@centromeditest.com DOCUMENTACI\u00d3N NECESARIA RENOVACI\u00d3N: \u25baCarnet de Conducir \u25baD.N.I o N.I.E OBTENCI\u00d3N O CANJE: \u25baD.N.I o N.I.E RECUPERACI\u00d3N DE PUNTOS: \u25baD.N.I o N.I.E \u25baCarnet de [&hellip;]<\/p>\n","protected":false},"author":3,"featured_media":0,"parent":0,"menu_order":0,"comment_status":"closed","ping_status":"closed","template":"","meta":{"footnotes":""},"class_list":["post-112","page","type-page","status-publish","hentry","entry"],"_links":{"self":[{"href":"https:\/\/centromeditest.com\/es\/wp-json\/wp\/v2\/pages\/112","targetHints":{"allow":["GET"]}}],"collection":[{"href":"https:\/\/centromeditest.com\/es\/wp-json\/wp\/v2\/pages"}],"about":[{"href":"https:\/\/centromeditest.com\/es\/wp-json\/wp\/v2\/types\/page"}],"author":[{"embeddable":true,"href":"https:\/\/centromeditest.com\/es\/wp-json\/wp\/v2\/users\/3"}],"replies":[{"embeddable":true,"href":"https:\/\/centromeditest.com\/es\/wp-json\/wp\/v2\/comments?post=112"}],"version-history":[{"count":270,"href":"https:\/\/centromeditest.com\/es\/wp-json\/wp\/v2\/pages\/112\/revisions"}],"predecessor-version":[{"id":2666,"href":"https:\/\/centromeditest.com\/es\/wp-json\/wp\/v2\/pages\/112\/revisions\/2666"}],"wp:attachment":[{"href":"https:\/\/centromeditest.com\/es\/wp-json\/wp\/v2\/media?parent=112"}],"curies":[{"name":"wp","href":"https:\/\/api.w.org\/{rel}","templated":true}]}}